{"id":273,"date":"2015-05-31T14:37:30","date_gmt":"2015-05-31T12:37:30","guid":{"rendered":"http:\/\/www.nosnavida.org\/?page_id=273"},"modified":"2019-10-15T11:04:46","modified_gmt":"2019-10-15T09:04:46","slug":"patrocinadores","status":"publish","type":"page","link":"http:\/\/www.nosnavida.org\/pt-pt\/patrocinadores\/","title":{"rendered":"Patrocinadores"},"content":{"rendered":"<section class=\"l-section wpb_row height_medium\"><div class=\"l-section-h i-cf\"><div class=\"g-cols vc_row via_flex valign_top type_default stacking_default\"><div class=\"vc_col-sm-12 wpb_column vc_column_container\"><div class=\"vc_column-inner\"><div class=\"wpb_wrapper\"><div class=\"g-cols wpb_row via_flex valign_top type_default stacking_default\"><div class=\"vc_col-sm-12 wpb_column vc_column_container\"><div class=\"vc_column-inner\"><div class=\"wpb_wrapper\">[rev_slider_vc alias=&#8221;homenosnavida&#8221;]<\/div><\/div><\/div><\/div><div class=\"g-cols wpb_row via_flex valign_top type_default stacking_default\"><div class=\"vc_col-sm-12 wpb_column vc_column_container\"><div class=\"vc_column-inner\"><div class=\"wpb_wrapper\"><div id=\"ultimate-heading-701869ea6a3db9245\" class=\"uvc-heading ult-adjust-bottom-margin ultimate-heading-701869ea6a3db9245 uvc-9113 \" data-hspacer=\"line_only\"  data-halign=\"center\" style=\"text-align:center\"><div class=\"uvc-main-heading ult-responsive\"  data-ultimate-target='.uvc-heading.ultimate-heading-701869ea6a3db9245 h1'  data-responsive-json-new='{\"font-size\":\"\",\"line-height\":\"\"}' ><h1 style=\"font-weight:normal;color:#4dbfff;margin-top:10px;margin-bottom:5px;\">Patrocinadores e amigos<\/h1><\/div><div class=\"uvc-heading-spacer line_only\" style=\"margin-top:0px;margin-bottom:0px;height:1px;\"><span class=\"uvc-headings-line\" style=\"border-style:solid;border-bottom-width:1px;border-color:#0000ff;width:autopx;\"><\/span><\/div><\/div><div class=\"w-separator size_medium\"><\/div><\/div><\/div><\/div><\/div><div class=\"g-cols wpb_row via_flex valign_top type_default stacking_default\"><div class=\"vc_col-sm-12 wpb_column vc_column_container\"><div class=\"vc_column-inner\"><div class=\"wpb_wrapper\"><div class=\"wpb_text_column\"><div class=\"wpb_wrapper\"><h3>Bem-vindo \u00e0 p\u00e1gina dos patrocinadores do N\u00f3s na Vida<\/h3>\n<p>Todos os patrocinadores t\u00eam o direito de baixar o logotipo do N\u00f3s na Vida em alta resolu\u00e7\u00e3o e nos consultar antes. Al\u00e9m disso, oferecemos, a partir de maio de 2016, diversos pacotes para patrocionadores \u2013 conforme o volume de doa<em>\u00e7\u00f5es<\/em>, os pacotes cont\u00eam regras especiais de como os patrocinadores podem usar seus logotipos em nossa p\u00e1gina e muitas outras vantagens.<\/p>\n<p>N\u00f3s agradeceremos as doa\u00e7\u00f5es de materiais, (por favor consultar antes a fundadora do projeto) mencionando-as no <a href=\"http:\/\/www.nosnavida.org\/aktuelles\/\" target=\"_blank\" rel=\"noopener noreferrer\">Newsblog do N\u00f3s na Vida<\/a> e na <a href=\"https:\/\/www.facebook.com\/N\u00f3s-na-Vida-Wir-im-Leben-450625815147082\/\" target=\"_blank\" rel=\"noopener noreferrer\">p\u00e1gina do facebook<\/a>.<\/p>\n<\/div><\/div><\/div><\/div><\/div><\/div><div class=\"w-separator size_medium\"><\/div><div class=\"g-cols wpb_row via_flex valign_top type_default stacking_default\"><div class=\"vc_col-sm-6 wpb_column vc_column_container\"><div class=\"vc_column-inner\"><div class=\"wpb_wrapper\"><div class=\"wpb_text_column\"><div class=\"wpb_wrapper\"><h3><span style=\"color: #4dbfff;\">Pacote para patrocinadores I<br \/>\n<\/span><\/h3>\n<p>TODO PATROCINADOR que doar uma quantia de, <strong>no m\u00ednimo, 500 euros:<\/strong><\/p>\n<ul>\n<li><strong>O logotipo da firma ser\u00e1, constantemente, <\/strong>mostrado no site do N\u00f3s na Vida com uma breve descri\u00e7\u00e3o do patrocinador e os links para sua homepage.<\/li>\n<\/ul>\n<\/div><\/div><\/div><\/div><\/div><div class=\"vc_col-sm-6 wpb_column vc_column_container\"><div class=\"vc_column-inner\"><div class=\"wpb_wrapper\"><div class=\"wpb_text_column\"><div class=\"wpb_wrapper\"><h3><span style=\"color: #4dbfff;\">Pacote para patrocinadores II<\/span><\/h3>\n<p>TODO PATROCINADOR que doar uma quantia de, <strong>no minimo,<\/strong> <strong>750 Euros<\/strong>:<\/p>\n<ul>\n<li><strong>O <\/strong><strong>logotipo da firma ser\u00e1 constantemente <\/strong>mostrado no site do N\u00f3s na Vida com uma breve descri\u00e7\u00e3o do patrocinador e os links para sua homepage.<\/li>\n<li><strong>Daremos uma \u00fanica sauda\u00e7\u00e3o de boas-vindas <\/strong>aos patrocinadores em um texto postado na p\u00e1gina do facebook do N\u00f3s na Vida.<\/li>\n<\/ul>\n<\/div><\/div><\/div><\/div><\/div><\/div><div class=\"w-separator size_medium\"><\/div><div class=\"g-cols wpb_row via_flex valign_top type_default stacking_default\"><div class=\"vc_col-sm-6 wpb_column vc_column_container\"><div class=\"vc_column-inner\"><div class=\"wpb_wrapper\"><div class=\"wpb_text_column\"><div class=\"wpb_wrapper\"><h3><span style=\"color: #4dbfff;\">Pacote para patrocinadores III<\/span><\/h3>\n<p>TODO PATROCINADOR que doar uma quantia, <strong>no minimo,\u00a0 1.000 Euros<\/strong>:<\/p>\n<ul>\n<li><strong>O logotipo da firma ser\u00e1 constantemente <\/strong>mostrado no site do N\u00f3s na Vida com uma breve descri\u00e7\u00e3o do patrocinador e os links para sua homepag<strong>e<\/strong>.<\/li>\n<li><strong>Daremos uma \u00fanica sauda\u00e7\u00e3o de boas-vindas <\/strong>aos patrocinadores em um texto postado na p\u00e1gina do facebook do N\u00f3s na Vida.<\/li>\n<li><strong>6 vezes por ano: <\/strong>outras men\u00e7\u00f5es aos patrocinadores nos posts do facebook do N\u00f3s na Vida. Nesse caso, o patrocinador pode participar da elabora\u00e7\u00e3o do texto.<\/li>\n<\/ul>\n<\/div><\/div><\/div><\/div><\/div><div class=\"vc_col-sm-6 wpb_column vc_column_container\"><div class=\"vc_column-inner\"><div class=\"wpb_wrapper\"><div class=\"wpb_text_column\"><div class=\"wpb_wrapper\"><h3><span style=\"color: #4dbfff;\">Pacote para patrocinadores III<\/span><\/h3>\n<p>TODO PATROCINADOR que doar uma quantia, <strong>no minimo 2.000 Euros<\/strong>:<\/p>\n<ul>\n<li><strong>O logotipo da firma ser\u00e1 constantemente <\/strong>mostrado no site do N\u00f3s na Vida com uma breve descri\u00e7\u00e3o do patrocinador e os links para sua homepage.<\/li>\n<li><strong>Daremos uma \u00fanica sauda\u00e7\u00e3o de boas-vindas <\/strong>aos patrocinadores em um texto postado na p\u00e1gina do facebook do N\u00f3s na Vida.<\/li>\n<li><strong>12 vezes por ano: <\/strong>outras men\u00e7\u00f5es aos patrocinadores nos posts do facebook do N\u00f3s na Vida. Nesse caso, o patrocinador pode participar da elabora\u00e7\u00e3o do texto.<\/li>\n<\/ul>\n<\/div><\/div><\/div><\/div><\/div><\/div><div class=\"w-separator size_medium\"><\/div><div class=\"g-cols wpb_row via_flex valign_top type_default stacking_default\"><div class=\"vc_col-sm-6 wpb_column vc_column_container\"><div class=\"vc_column-inner\"><div class=\"wpb_wrapper\"><div class=\"wpb_text_column\"><div class=\"wpb_wrapper\"><h3><span style=\"color: #4dbfff;\">Pacoto para patrocinadores V<\/span><\/h3>\n<p>Existe a possibilidade de uma <strong>assinatura mensal para patrocinadores<\/strong> \u2013 j\u00e1 a partir de <strong>1 Euro mensal<\/strong>!<\/p>\n<p>Ficar\u00edamos muito contentes com pequenas doa\u00e7\u00f5es, mas que fossem regulares, poss\u00edveis atrav\u00e9s de ordem permanente de transfer\u00eancia banc\u00e1ria ou atrav\u00e9s do PayPal.<\/p>\n<\/div><\/div><\/div><\/div><\/div><div class=\"vc_col-sm-6 wpb_column vc_column_container\"><div class=\"vc_column-inner\"><div class=\"wpb_wrapper\"><div class=\"wpb_text_column\"><div class=\"wpb_wrapper\"><h3><span style=\"color: #4dbfff;\">Pacote para patrocinadores VI &#8211; PREMIUM<\/span><\/h3>\n<p>TODO PATROCINADORE que doar uma quantia, <strong>no minimo, 10.000 Euros:<\/strong><\/p>\n<ul>\n<li><strong>O logotipo da firma ser\u00e1 constantemente <\/strong>mostrado no site do N\u00f3s na Vida com uma breve descri\u00e7\u00e3o do patrocinador e os links para sua homepage.<\/li>\n<li><strong>Daremos uma \u00fanica sauda\u00e7\u00e3o de boas-vindas <\/strong>aos patrocinadores em um texto postado na p\u00e1gina do facebook do N\u00f3s na Vida.<\/li>\n<li><strong>12 vezes por ano: o<\/strong>utras men\u00e7\u00f5es aos patrocinadores nos posts do facebook do N\u00f3s na Vida. Nesse caso, o patrocinador pode participar da elabora\u00e7\u00e3o do texto.<\/li>\n<li>O logotipo do patrocinador aparecer\u00e1 <strong>no topo<\/strong> da nossa p\u00e1gina de patrocinadores.<\/li>\n<li>Ap\u00f3s a conclus\u00e3o do primeiro alojamento para f\u00e9rias na fazenda do N\u00f3s na Vida: <strong>uma vez por ano<\/strong>, <strong>hospedagem gratuita no terreno da fazenda<\/strong> ou nas proximidades desta, para um belo descanso no Brasil \u2013 sempre em acordo com a fundadora.<\/li>\n<\/ul>\n<\/div><\/div><\/div><\/div><\/div><\/div><div class=\"w-separator size_medium\"><\/div><div class=\"w-separator size_medium with_line width_30 thick_1 style_solid color_border align_center\"><div class=\"w-separator-h\"><\/div><\/div><div class=\"g-cols wpb_row via_flex valign_top type_default stacking_default\"><div class=\"vc_col-sm-4 wpb_column vc_column_container\"><div class=\"vc_column-inner\"><div class=\"wpb_wrapper\"><div class=\"w-image align_center\"><a target=\"_blank\" href=\"http:\/\/marcelschade.com\/\" rel=\"noopener\" aria-label=\"Liga\u00e7\u00e3o\" class=\"w-image-h\"><img width=\"300\" height=\"200\" src=\"http:\/\/www.nosnavida.org\/wp-content\/uploads\/2015\/08\/marcel-schade-personal-training-logo.jpg\" class=\"attachment-full size-full\" alt=\"\" loading=\"lazy\" \/><\/a><\/div><div class=\"w-separator size_medium with_line width_30 thick_1 style_solid color_border align_center\"><div class=\"w-separator-h\"><\/div><\/div><\/div><\/div><\/div><div class=\"vc_col-sm-8 wpb_column vc_column_container\"><div class=\"vc_column-inner\"><div class=\"wpb_wrapper\"><div class=\"wpb_text_column\"><div class=\"wpb_wrapper\"><h3>Marcel Schade &#8211; Advanced Personal Training<\/h3>\n<p>Movimento, relaxamento e alimenta\u00e7\u00e3o natural e balanceada s\u00e3o elementares para uma boa sa\u00fade a longo prazo. Para ajudar voc\u00ea a definir seus objetivos e p\u00f4-los em pr\u00e1tica, ofere\u00e7o-lhe minha compet\u00eancia e experi\u00eancia em um acompanhamento individual e motivacional.<\/p>\n<p><a href=\"http:\/\/marcelschade.com\/\" target=\"_blank\" rel=\"noopener noreferrer\">Visite a p\u00e1gina de Marcel Schade!<\/a><\/p>\n<\/div><\/div><div class=\"w-separator size_medium\"><\/div><\/div><\/div><\/div><\/div><div class=\"g-cols wpb_row via_flex valign_top type_default stacking_default\"><div class=\"vc_col-sm-4 wpb_column vc_column_container\"><div class=\"vc_column-inner\"><div class=\"wpb_wrapper\"><div class=\"w-image align_center\"><a target=\"_blank\" href=\"http:\/\/fitventure-australia.com\/\" rel=\"noopener\" aria-label=\"Liga\u00e7\u00e3o\" class=\"w-image-h\"><img width=\"300\" height=\"200\" src=\"http:\/\/www.nosnavida.org\/wp-content\/uploads\/2015\/08\/fitventure-logo.jpg\" class=\"attachment-full size-full\" alt=\"\" loading=\"lazy\" \/><\/a><\/div><div class=\"w-separator size_medium with_line width_30 thick_1 style_solid color_border align_center\"><div class=\"w-separator-h\"><\/div><\/div><\/div><\/div><\/div><div class=\"vc_col-sm-8 wpb_column vc_column_container\"><div class=\"vc_column-inner\"><div class=\"wpb_wrapper\"><div class=\"wpb_text_column\"><div class=\"wpb_wrapper\"><h3>fitVenture &#8211; outdoor fitness tours<\/h3>\n<p>Fitness training em um caminho completamente diferente: saindo da cidade e voltando para a natureza!<br \/>\nLonge dos arranha-c\u00e9us, do estilo de vida agitado, de academias apertadas e da estressante rotina habitual, fitVenture oferece a voc\u00ea a chance de ser ativo e de se conectar com a natureza.<\/p>\n<p><a href=\"http:\/\/fitventure-australia.com\/\" target=\"_blank\" rel=\"noopener noreferrer\">Visite o site de fitVenture!<\/a><\/p>\n<\/div><\/div><div class=\"w-separator size_medium\"><\/div><\/div><\/div><\/div><\/div><div class=\"g-cols wpb_row via_flex valign_top type_default stacking_default\"><div class=\"vc_col-sm-4 wpb_column vc_column_container\"><div class=\"vc_column-inner\"><div class=\"wpb_wrapper\"><div class=\"w-image align_center\"><a target=\"_blank\" href=\"http:\/\/www.quadratologo.de\" rel=\"noopener\" aria-label=\"Liga\u00e7\u00e3o\" class=\"w-image-h\"><img width=\"300\" height=\"200\" src=\"http:\/\/www.nosnavida.org\/wp-content\/uploads\/2015\/08\/quadrat-logo.jpg\" class=\"attachment-full size-full\" alt=\"\" loading=\"lazy\" \/><\/a><\/div><div class=\"w-separator size_medium with_line width_30 thick_1 style_solid color_border align_center\"><div class=\"w-separator-h\"><\/div><\/div><\/div><\/div><\/div><div class=\"vc_col-sm-8 wpb_column vc_column_container\"><div class=\"vc_column-inner\"><div class=\"wpb_wrapper\"><div class=\"wpb_text_column\"><div class=\"wpb_wrapper\"><h3>Quadratologo<\/h3>\n<p>Quadratologo \u00e9 um sistema para pintar de Manuel Franke.<br \/>\nManuel Franke foi escolhido o embaixador da criatividade do ano de 2014.<\/p>\n<p><a href=\"http:\/\/www.quadratologo.de\" target=\"_blank\" rel=\"noopener noreferrer\">Visite a p\u00e1gina do Quadratologo!<\/a><\/p>\n<\/div><\/div><div class=\"w-separator size_medium\"><\/div><\/div><\/div><\/div><\/div><div class=\"g-cols wpb_row via_flex valign_top type_default stacking_default\"><div class=\"vc_col-sm-4 wpb_column vc_column_container\"><div class=\"vc_column-inner\"><div class=\"wpb_wrapper\"><div class=\"w-image align_center\"><a target=\"_blank\" href=\"http:\/\/soulpictures.eu\" rel=\"noopener\" aria-label=\"Liga\u00e7\u00e3o\" class=\"w-image-h\"><img width=\"300\" height=\"200\" src=\"http:\/\/www.nosnavida.org\/wp-content\/uploads\/2015\/08\/soul-pictures-logo.jpg\" class=\"attachment-full size-full\" alt=\"\" loading=\"lazy\" \/><\/a><\/div><div class=\"w-separator size_medium with_line width_30 thick_1 style_solid color_border align_center\"><div class=\"w-separator-h\"><\/div><\/div><\/div><\/div><\/div><div class=\"vc_col-sm-8 wpb_column vc_column_container\"><div class=\"vc_column-inner\"><div class=\"wpb_wrapper\"><div class=\"wpb_text_column\"><div class=\"wpb_wrapper\"><h3>Soul Pictures<\/h3>\n<p>Can\u00e7\u00f5es harmoniosas, tranquilas e para relaxar sobre paix\u00e3o e amor, compostas por Maik Dahl, na voz encantadora de Theresa Stockhoff.<\/p>\n<p><a href=\"http:\/\/soulpictures.eu\/\" target=\"_blank\" rel=\"noopener noreferrer\">Visite o site de Soul Pictures!<\/a><\/p>\n<\/div><\/div><div class=\"w-separator size_medium\"><\/div><\/div><\/div><\/div><\/div><div class=\"g-cols wpb_row via_flex valign_top type_default stacking_default\"><div class=\"vc_col-sm-4 wpb_column vc_column_container\"><div class=\"vc_column-inner\"><div class=\"wpb_wrapper\"><div class=\"w-image align_center\"><a target=\"_blank\" href=\"http:\/\/petra-kartenlegen.de\/\" rel=\"noopener\" aria-label=\"Liga\u00e7\u00e3o\" class=\"w-image-h\"><img width=\"300\" height=\"200\" src=\"http:\/\/www.nosnavida.org\/wp-content\/uploads\/2015\/11\/Petra-Zirn-Kartenlegen.jpg\" class=\"attachment-full size-full\" alt=\"\" loading=\"lazy\" \/><\/a><\/div><div class=\"w-separator size_medium with_line width_30 thick_1 style_solid color_border align_center\"><div class=\"w-separator-h\"><\/div><\/div><\/div><\/div><\/div><div class=\"vc_col-sm-8 wpb_column vc_column_container\"><div class=\"vc_column-inner\"><div class=\"wpb_wrapper\"><div class=\"wpb_text_column\"><div class=\"wpb_wrapper\"><h3>Petra Zirn \u2013 Aconselhamento, Tar\u00f4 e Numerologia<\/h3>\n<p>\u201cHerdei meu dom espiritual de minha av\u00f3. Ainda na inf\u00e2ncia, interessava-me por tudo que tinha a ver com hor\u00f3scopo, tar\u00f4 e temas espirituais. De maneira sens\u00edvel e apoiada na minha clarivid\u00eancia, coloco as cartas skat e o tar\u00f4 dos anjos.\u201d<\/p>\n<p><a href=\"http:\/\/petra-kartenlegen.de\/\" target=\"_blank\" rel=\"noopener noreferrer\">Visite a p\u00e1gina de Petra Zirn!<\/a><\/p>\n<\/div><\/div><div class=\"w-separator size_medium\"><\/div><\/div><\/div><\/div><\/div><div class=\"g-cols wpb_row via_flex valign_top type_default stacking_default\"><div class=\"vc_col-sm-4 wpb_column vc_column_container\"><div class=\"vc_column-inner\"><div class=\"wpb_wrapper\"><div class=\"w-image align_center\"><a target=\"_blank\" href=\"http:\/\/www.lichtboote.de\/\" rel=\"noopener\" aria-label=\"Liga\u00e7\u00e3o\" class=\"w-image-h\"><img width=\"300\" height=\"200\" src=\"http:\/\/www.nosnavida.org\/wp-content\/uploads\/2015\/05\/Lichtbote-eV-Logo-neu.jpg\" class=\"attachment-full size-full\" alt=\"\" loading=\"lazy\" \/><\/a><\/div><div class=\"w-separator size_medium with_line width_30 thick_1 style_solid color_border align_center\"><div class=\"w-separator-h\"><\/div><\/div><\/div><\/div><\/div><div class=\"vc_col-sm-8 wpb_column vc_column_container\"><div class=\"vc_column-inner\"><div class=\"wpb_wrapper\"><div class=\"wpb_text_column\"><div class=\"wpb_wrapper\"><h3>Lichtboote e.V. (Associa\u00e7\u00e3o Barcos de Luz)<\/h3>\n<p>O prop\u00f3sito da\u00a0 Associa\u00e7\u00e3o Barcos de Luz \u00e9 fomentar e apoiar pessoas, plantas, animais e todos as outras esp\u00e9cies divinas, especialmente, a forma\u00e7\u00e3o espiritual, a descoberta e o fortalecimento da luz pr\u00f3pria e da pr\u00f3pria for\u00e7a criadora, assim como o progresso espiritual para um desenvolvimento livre do ser, para o bem-estar pr\u00f3prio e de tudo o que \u00e9.<\/p>\n<p><a href=\"http:\/\/www.lichtboote.de\/\" target=\"_blank\" rel=\"noopener noreferrer\">Visite o site da Associa\u00e7\u00e3o Barcos de Luz!<\/a><\/p>\n<\/div><\/div><div class=\"w-separator size_large\"><\/div><\/div><\/div><\/div><\/div><div class=\"g-cols wpb_row via_flex valign_top type_default stacking_default\"><div class=\"vc_col-sm-4 wpb_column vc_column_container\"><div class=\"vc_column-inner\"><div class=\"wpb_wrapper\"><div class=\"w-image align_center\"><a target=\"_blank\" href=\"http:\/\/pousadasitiodostucanos.com\/\" rel=\"noopener\" aria-label=\"Liga\u00e7\u00e3o\" class=\"w-image-h\"><img width=\"300\" height=\"200\" src=\"http:\/\/www.nosnavida.org\/wp-content\/uploads\/2017\/03\/Logo-pousada.jpg\" class=\"attachment-full size-full\" alt=\"\" loading=\"lazy\" \/><\/a><\/div><div class=\"w-separator size_medium with_line width_30 thick_1 style_solid color_border align_center\"><div class=\"w-separator-h\"><\/div><\/div><\/div><\/div><\/div><div class=\"vc_col-sm-8 wpb_column vc_column_container\"><div class=\"vc_column-inner\"><div class=\"wpb_wrapper\"><div class=\"wpb_text_column\"><div class=\"wpb_wrapper\"><h3>Brasil &#8211; Florianopolis<\/h3>\n<p>Entre as montanhas verdes e mar azul, a pousada Pousada S\u00edtio dos Tucanos est\u00e1 situada na Mata Atl\u00e2ntica intocada.<br \/>\nAs casas de h\u00f3spedes &#8211; 9 suites e uma pequena casa &#8211; est\u00e3o em completa harmonia com a paisagem e uma atmosfera de calor e conforto sem a natureza original para destruir.<\/p>\n<p><a href=\"http:\/\/pousadasitiodostucanos.com\/\" target=\"_blank\" rel=\"noopener noreferrer\">Visite o site da Pousada S\u00edtio dos Tucanos!<\/a><\/p>\n<\/div><\/div><div class=\"w-separator size_large\"><\/div><\/div><\/div><\/div><\/div><div class=\"g-cols wpb_row via_flex valign_top type_default stacking_default\"><div class=\"vc_col-sm-4 wpb_column vc_column_container\"><div class=\"vc_column-inner\"><div class=\"wpb_wrapper\"><div class=\"w-image align_center\"><a target=\"_blank\" href=\"https:\/\/www.innogy.com\/web\/cms\/de\/3087918\/fuer-zuhause\/\" rel=\"noopener\" aria-label=\"Liga\u00e7\u00e3o\" class=\"w-image-h\"><img width=\"300\" height=\"200\" src=\"http:\/\/www.nosnavida.org\/wp-content\/uploads\/2017\/02\/innogy-logo.jpg\" class=\"attachment-full size-full\" alt=\"Logo innogy SE\" loading=\"lazy\" \/><\/a><\/div><div class=\"w-separator size_medium with_line width_30 thick_1 style_solid color_border align_center\"><div class=\"w-separator-h\"><\/div><\/div><\/div><\/div><\/div><div class=\"vc_col-sm-8 wpb_column vc_column_container\"><div class=\"vc_column-inner\"><div class=\"wpb_wrapper\"><div class=\"wpb_text_column\"><div class=\"wpb_wrapper\"><h3>innogy SE<\/h3>\n<p><a href=\"https:\/\/www.innogy.com\/web\/cms\/de\/3087918\/fuer-zuhause\/\" target=\"_blank\" rel=\"noopener noreferrer\">Visite o site da innogy SE!<\/a><\/p>\n<\/div><\/div><div class=\"w-separator size_large\"><\/div><\/div><\/div><\/div><\/div><div class=\"g-cols wpb_row via_flex valign_top type_default stacking_default\"><div class=\"vc_col-sm-4 wpb_column vc_column_container\"><div class=\"vc_column-inner\"><div class=\"wpb_wrapper\"><div class=\"w-image align_center\"><a target=\"_blank\" href=\"https:\/\/www.schungit.com\/\" rel=\"noopener\" aria-label=\"Liga\u00e7\u00e3o\" class=\"w-image-h\"><img width=\"300\" height=\"200\" src=\"http:\/\/www.nosnavida.org\/wp-content\/uploads\/2018\/12\/schungit-sponsor-nosnavida.jpg\" class=\"attachment-full size-full\" alt=\"\" loading=\"lazy\" \/><\/a><\/div><div class=\"w-separator size_medium with_line width_30 thick_1 style_solid color_border align_center\"><div class=\"w-separator-h\"><\/div><\/div><\/div><\/div><\/div><div class=\"vc_col-sm-8 wpb_column vc_column_container\"><div class=\"vc_column-inner\"><div class=\"wpb_wrapper\"><div class=\"wpb_text_column\"><div class=\"wpb_wrapper\"><h3>Schungit<\/h3>\n<p><a href=\"https:\/\/www.schungit.com\/\" target=\"_blank\" rel=\"noopener noreferrer\">Visite o site da Schungit!<\/a><\/p>\n<\/div><\/div><div class=\"w-separator size_large\"><\/div><\/div><\/div><\/div><\/div><\/div><\/div><\/div><\/div><\/div><\/section>\n","protected":false},"excerpt":{"rendered":"[rev_slider_vc alias=\"homenosnavida\"]Patrocinadores e amigosBem-vindo \u00e0 p\u00e1gina dos patrocinadores do N\u00f3s na Vida Todos os patrocinadores t\u00eam o direito de baixar o logotipo do N\u00f3s na Vida em alta resolu\u00e7\u00e3o e nos consultar antes. Al\u00e9m disso, oferecemos, a partir de maio de 2016, diversos pacotes para patrocionadores \u2013 conforme o volume de doa\u00e7\u00f5es, os pacotes cont\u00eam...","protected":false},"author":1,"featured_media":0,"parent":0,"menu_order":4,"comment_status":"closed","ping_status":"closed","template":"","meta":[],"yoast_head":"<!-- This site is optimized with the Yoast SEO plugin v18.9 - https:\/\/yoast.com\/wordpress\/plugins\/seo\/ -->\n<title>Patrocinadores - N\u00f3s na Vida<\/title>\n<meta name=\"robots\" content=\"index, follow, max-snippet:-1, max-image-preview:large, max-video-preview:-1\" \/>\n<link rel=\"canonical\" href=\"http:\/\/www.nosnavida.org\/pt-pt\/patrocinadores\/\" \/>\n<meta property=\"og:locale\" content=\"pt_PT\" \/>\n<meta property=\"og:type\" content=\"article\" \/>\n<meta property=\"og:title\" content=\"Patrocinadores - N\u00f3s na Vida\" \/>\n<meta property=\"og:url\" content=\"http:\/\/www.nosnavida.org\/pt-pt\/patrocinadores\/\" \/>\n<meta property=\"og:site_name\" content=\"N\u00f3s na Vida\" \/>\n<meta property=\"article:modified_time\" content=\"2019-10-15T09:04:46+00:00\" \/>\n<meta name=\"twitter:card\" content=\"summary\" \/>\n<meta name=\"twitter:label1\" content=\"Tempo estimado de leitura\" \/>\n\t<meta name=\"twitter:data1\" content=\"23 minutos\" \/>\n<script type=\"application\/ld+json\" class=\"yoast-schema-graph\">{\"@context\":\"https:\/\/schema.org\",\"@graph\":[{\"@type\":\"WebSite\",\"@id\":\"http:\/\/www.nosnavida.org\/#website\",\"url\":\"http:\/\/www.nosnavida.org\/\",\"name\":\"N\u00f3s na Vida\",\"description\":\"N\u00f3s na Vida - crian\u00e7as de rua projeto\",\"potentialAction\":[{\"@type\":\"SearchAction\",\"target\":{\"@type\":\"EntryPoint\",\"urlTemplate\":\"http:\/\/www.nosnavida.org\/?s={search_term_string}\"},\"query-input\":\"required name=search_term_string\"}],\"inLanguage\":\"pt-PT\"},{\"@type\":\"WebPage\",\"@id\":\"http:\/\/www.nosnavida.org\/pt-pt\/patrocinadores\/#webpage\",\"url\":\"http:\/\/www.nosnavida.org\/pt-pt\/patrocinadores\/\",\"name\":\"Patrocinadores - N\u00f3s na Vida\",\"isPartOf\":{\"@id\":\"http:\/\/www.nosnavida.org\/#website\"},\"datePublished\":\"2015-05-31T12:37:30+00:00\",\"dateModified\":\"2019-10-15T09:04:46+00:00\",\"breadcrumb\":{\"@id\":\"http:\/\/www.nosnavida.org\/pt-pt\/patrocinadores\/#breadcrumb\"},\"inLanguage\":\"pt-PT\",\"potentialAction\":[{\"@type\":\"ReadAction\",\"target\":[\"http:\/\/www.nosnavida.org\/pt-pt\/patrocinadores\/\"]}]},{\"@type\":\"BreadcrumbList\",\"@id\":\"http:\/\/www.nosnavida.org\/pt-pt\/patrocinadores\/#breadcrumb\",\"itemListElement\":[{\"@type\":\"ListItem\",\"position\":1,\"name\":\"Home\",\"item\":\"http:\/\/www.nosnavida.org\/pt-pt\/\"},{\"@type\":\"ListItem\",\"position\":2,\"name\":\"Patrocinadores\"}]}]}<\/script>\n<!-- \/ Yoast SEO plugin. -->","yoast_head_json":{"title":"Patrocinadores - N\u00f3s na Vida","robots":{"index":"index","follow":"follow","max-snippet":"max-snippet:-1","max-image-preview":"max-image-preview:large","max-video-preview":"max-video-preview:-1"},"canonical":"http:\/\/www.nosnavida.org\/pt-pt\/patrocinadores\/","og_locale":"pt_PT","og_type":"article","og_title":"Patrocinadores - N\u00f3s na Vida","og_url":"http:\/\/www.nosnavida.org\/pt-pt\/patrocinadores\/","og_site_name":"N\u00f3s na Vida","article_modified_time":"2019-10-15T09:04:46+00:00","twitter_card":"summary","twitter_misc":{"Tempo estimado de leitura":"23 minutos"},"schema":{"@context":"https:\/\/schema.org","@graph":[{"@type":"WebSite","@id":"http:\/\/www.nosnavida.org\/#website","url":"http:\/\/www.nosnavida.org\/","name":"N\u00f3s na Vida","description":"N\u00f3s na Vida - crian\u00e7as de rua projeto","potentialAction":[{"@type":"SearchAction","target":{"@type":"EntryPoint","urlTemplate":"http:\/\/www.nosnavida.org\/?s={search_term_string}"},"query-input":"required name=search_term_string"}],"inLanguage":"pt-PT"},{"@type":"WebPage","@id":"http:\/\/www.nosnavida.org\/pt-pt\/patrocinadores\/#webpage","url":"http:\/\/www.nosnavida.org\/pt-pt\/patrocinadores\/","name":"Patrocinadores - N\u00f3s na Vida","isPartOf":{"@id":"http:\/\/www.nosnavida.org\/#website"},"datePublished":"2015-05-31T12:37:30+00:00","dateModified":"2019-10-15T09:04:46+00:00","breadcrumb":{"@id":"http:\/\/www.nosnavida.org\/pt-pt\/patrocinadores\/#breadcrumb"},"inLanguage":"pt-PT","potentialAction":[{"@type":"ReadAction","target":["http:\/\/www.nosnavida.org\/pt-pt\/patrocinadores\/"]}]},{"@type":"BreadcrumbList","@id":"http:\/\/www.nosnavida.org\/pt-pt\/patrocinadores\/#breadcrumb","itemListElement":[{"@type":"ListItem","position":1,"name":"Home","item":"http:\/\/www.nosnavida.org\/pt-pt\/"},{"@type":"ListItem","position":2,"name":"Patrocinadores"}]}]}},"_links":{"self":[{"href":"http:\/\/www.nosnavida.org\/pt-pt\/wp-json\/wp\/v2\/pages\/273\/"}],"collection":[{"href":"http:\/\/www.nosnavida.org\/pt-pt\/wp-json\/wp\/v2\/pages\/"}],"about":[{"href":"http:\/\/www.nosnavida.org\/pt-pt\/wp-json\/wp\/v2\/types\/page\/"}],"author":[{"embeddable":true,"href":"http:\/\/www.nosnavida.org\/pt-pt\/wp-json\/wp\/v2\/users\/1\/"}],"replies":[{"embeddable":true,"href":"http:\/\/www.nosnavida.org\/pt-pt\/wp-json\/wp\/v2\/comments\/?post=273"}],"version-history":[{"count":24,"href":"http:\/\/www.nosnavida.org\/pt-pt\/wp-json\/wp\/v2\/pages\/273\/revisions\/"}],"predecessor-version":[{"id":1580,"href":"http:\/\/www.nosnavida.org\/pt-pt\/wp-json\/wp\/v2\/pages\/273\/revisions\/1580\/"}],"wp:attachment":[{"href":"http:\/\/www.nosnavida.org\/pt-pt\/wp-json\/wp\/v2\/media\/?parent=273"}],"curies":[{"name":"wp","href":"https:\/\/api.w.org\/{rel}","templated":true}]}}