{"id":269,"date":"2015-05-31T14:32:19","date_gmt":"2015-05-31T12:32:19","guid":{"rendered":"http:\/\/www.nosnavida.org\/?page_id=269"},"modified":"2019-12-31T11:52:31","modified_gmt":"2019-12-31T10:52:31","slug":"sobre-nos-na-vida","status":"publish","type":"page","link":"http:\/\/www.nosnavida.org\/pt-pt\/sobre-nos-na-vida\/","title":{"rendered":"Sobre N\u00f3s na Vida"},"content":{"rendered":"<section class=\"l-section wpb_row height_medium\"><div class=\"l-section-h i-cf\"><div class=\"g-cols vc_row via_flex valign_top type_default stacking_default\"><div class=\"vc_col-sm-12 wpb_column vc_column_container\"><div class=\"vc_column-inner\"><div class=\"wpb_wrapper\"><div class=\"g-cols wpb_row via_flex valign_top type_default stacking_default\"><div class=\"vc_col-sm-12 wpb_column vc_column_container\"><div class=\"vc_column-inner\"><div class=\"wpb_wrapper\">[rev_slider_vc alias=&#8221;homenosnavida&#8221;]<\/div><\/div><\/div><\/div><div class=\"g-cols wpb_row via_flex valign_top type_default stacking_default\"><div class=\"vc_col-sm-12 wpb_column vc_column_container\"><div class=\"vc_column-inner\"><div class=\"wpb_wrapper\"><div id=\"ultimate-heading-967869ea6c010ee01\" class=\"uvc-heading ult-adjust-bottom-margin ultimate-heading-967869ea6c010ee01 uvc-621 \" data-hspacer=\"line_only\"  data-halign=\"center\" style=\"text-align:center\"><div class=\"uvc-main-heading ult-responsive\"  data-ultimate-target='.uvc-heading.ultimate-heading-967869ea6c010ee01 h1'  data-responsive-json-new='{\"font-size\":\"\",\"line-height\":\"\"}' ><h1 style=\"font-weight:bold;color:#4dbfff;margin-top:10px;margin-bottom:5px;\">As crian\u00e7as de rua do Brasil<\/h1><\/div><div class=\"uvc-heading-spacer line_only\" style=\"margin-top:0px;margin-bottom:0px;height:1px;\"><span class=\"uvc-headings-line\" style=\"border-style:solid;border-bottom-width:1px;border-color:#0000ff;width:autopx;\"><\/span><\/div><div class=\"uvc-sub-heading ult-responsive\"  data-ultimate-target='.uvc-heading.ultimate-heading-967869ea6c010ee01 .uvc-sub-heading '  data-responsive-json-new='{\"font-size\":\"\",\"line-height\":\"\"}'  style=\"font-weight:normal;margin-top:10px;margin-bottom:10px;\">\n<h2>N\u00f3s na Vida ajuda crian\u00e7as e jovens<\/h2>\n<\/div><\/div><div class=\"wpb_text_column\"><div class=\"wpb_wrapper\"><p>Crian\u00e7as de rua existem em todos os continentes. Mundialmente, vivem, pelas ruas, de 100 a 200 milh\u00f5es de crian\u00e7as, das quais 10 milh\u00f5es vivem somente no Brasil, aproximadamente 253 (de 5 a 17 anos) vivem em Natal, no Nordeste do pa\u00eds.<\/p>\n<\/div><\/div><div class=\"w-separator size_small\"><\/div><\/div><\/div><\/div><\/div><div class=\"g-cols wpb_row via_flex valign_top type_default stacking_default\"><div class=\"vc_col-sm-6 wpb_column vc_column_container\"><div class=\"vc_column-inner\"><div class=\"wpb_wrapper\"><div class=\"wpb_text_column\"><div class=\"wpb_wrapper\"><h3>O que s\u00e3o crian\u00e7as de rua?<\/h3>\n<p>Crian\u00e7as de rua s\u00e3o crian\u00e7as menores de idade que:<\/p>\n<ol>\n<li>vivem na rua, a maior parte do dia, para trabalhar.<\/li>\n<li>s\u00e3o crian\u00e7as que realmente t\u00eam o seu centro de vida na rua<\/li>\n<\/ol>\n<p>Quer dizer, elas dormem, comem e vivem l\u00e1. Existem, segundo um estudo de S\u00e3o Paulo, tr\u00eas grupos de crian\u00e7as de menores:<\/p>\n<ol>\n<li>crian\u00e7as e jovens que vivem sozinhos na rua.<\/li>\n<li>crian\u00e7as que vivem sozinhas com outras crian\u00e7as de rua.<\/li>\n<li>crian\u00e7as que s\u00e3o acompanhadas por adultos.<\/li>\n<\/ol>\n<h3>Por que essas crian\u00e7as vivem na rua?<\/h3>\n<ol>\n<li>problemas na fam\u00edlia devido \u00e0 pobreza;<\/li>\n<li>viol\u00eancia dentro da fam\u00edlia;<\/li>\n<li>amea\u00e7as na \u00e1rea residencial das fam\u00edlias (Muitos jovens n\u00e3o podem voltar devido a d\u00edvidas de drogas no bairro de suas fam\u00edlias);<\/li>\n<li>consumo de drogas como o crack, a maconha, a cola, solventes e a coca\u00edna;<\/li>\n<li>possibilidade de ganhar dinheiro.<\/li>\n<\/ol>\n<\/div><\/div><div class=\"w-image align_center\"><a href=\"http:\/\/www.nosnavida.org\/wp-content\/uploads\/2015\/05\/nos-na-vida-stra\u00dfenkind-auf-farn.jpg\" ref=\"magnificPopup\" aria-label=\"Liga\u00e7\u00e3o\" class=\"w-image-h\"><img width=\"300\" height=\"225\" src=\"http:\/\/www.nosnavida.org\/wp-content\/uploads\/2015\/05\/nos-na-vida-stra\u00dfenkind-auf-farn-300x225.jpg\" class=\"attachment-medium size-medium\" alt=\"\" loading=\"lazy\" srcset=\"http:\/\/www.nosnavida.org\/wp-content\/uploads\/2015\/05\/nos-na-vida-stra\u00dfenkind-auf-farn-300x225.jpg 300w, http:\/\/www.nosnavida.org\/wp-content\/uploads\/2015\/05\/nos-na-vida-stra\u00dfenkind-auf-farn.jpg 500w\" sizes=\"(max-width: 300px) 100vw, 300px\" \/><\/a><\/div><\/div><\/div><\/div><div class=\"vc_col-sm-6 wpb_column vc_column_container\"><div class=\"vc_column-inner\"><div class=\"wpb_wrapper\"><div class=\"wpb_text_column\"><div class=\"wpb_wrapper\"><h3>Quais os paradeiros dessas crian\u00e7as?<\/h3>\n<ol>\n<li>paradas de \u00f4nibus;<\/li>\n<li>esta\u00e7\u00f5es;<\/li>\n<li>pr\u00e9dios vazios;<\/li>\n<li>t\u00faneis de metr\u00f4s.<\/li>\n<\/ol>\n<p>Crian\u00e7as de rua est\u00e3o sempre em lugares por onde passam muitas pessoas, por exemplo, em lugares p\u00fablicos como esta\u00e7\u00f5es de \u00f4nibus ou praias.<\/p>\n<h3>Por que as crian\u00e7as escolhem precisamente esse lugares?<\/h3>\n<p>Esses lugares s\u00e3o procurados geralmente de acordo com tr\u00eas pontos de vista:<\/p>\n<ol>\n<li>Onde posso ganhar dinheiro da melhor forma?<\/li>\n<li>Onde eu posso sobreviver esta noite de forma relativamente segura, ileso?<\/li>\n<li>Onde posso praticar as atividades necess\u00e1rias para minha sobreviv\u00eancia e ilegais, como consumo de drogas, roubos?<\/li>\n<\/ol>\n<h3>O que crian\u00e7as de rua fazem ?<\/h3>\n<p>Elas executam pequenos trabalhos em troca de uma refei\u00e7\u00e3o. Elas mendigam dinheiro, alimentos e cigarros de passantes e turistas, roubam, consomem drogas ou as comercializam. O abuso de drogas, como inalantes (solventes) \u00e9\u00a0 generalizado para fugir da falta de amor, da fome e da dor. Elas se prostituem (ambos os sexos). No Brasil, como tamb\u00e9m em outros pa\u00edses, organiza\u00e7\u00f5es de caridade proporcionam para essas crian\u00e7as em orfanatos, lares e tamb\u00e9m em escolas, primeiramente, um conceito de assist\u00eancia. Assim torna-se poss\u00edvel uma vida autodeterminada. Essas crian\u00e7as e jovens s\u00e3o, ocasionalmente, v\u00edtimas de viol\u00eancia, abuso sexual e n\u00e3o podem adquirir uma profiss\u00e3o devido a uma forma\u00e7\u00e3o escolar deficiente.<\/p>\n<\/div><\/div><\/div><\/div><\/div><\/div><div class=\"g-cols wpb_row via_flex valign_top type_default stacking_default\"><div class=\"vc_col-sm-12 wpb_column vc_column_container\"><div class=\"vc_column-inner\"><div class=\"wpb_wrapper\"><div class=\"w-separator size_medium\"><\/div><div id=\"ultimate-heading-302469ea6c0111981\" class=\"uvc-heading ult-adjust-bottom-margin ultimate-heading-302469ea6c0111981 uvc-2561 \" data-hspacer=\"line_only\"  data-halign=\"center\" style=\"text-align:center\"><div class=\"uvc-main-heading ult-responsive\"  data-ultimate-target='.uvc-heading.ultimate-heading-302469ea6c0111981 h1'  data-responsive-json-new='{\"font-size\":\"\",\"line-height\":\"\"}' ><h1 style=\"font-weight:bold;color:#4dbfff;margin-top:10px;margin-bottom:5px;\">O projeto de crian\u00e7\u00e3s de rua N\u00f3s na vida<\/h1><\/div><div class=\"uvc-heading-spacer line_only\" style=\"margin-top:0px;margin-bottom:0px;height:1px;\"><span class=\"uvc-headings-line\" style=\"border-style:solid;border-bottom-width:1px;border-color:#0000ff;width:autopx;\"><\/span><\/div><div class=\"uvc-sub-heading ult-responsive\"  data-ultimate-target='.uvc-heading.ultimate-heading-302469ea6c0111981 .uvc-sub-heading '  data-responsive-json-new='{\"font-size\":\"\",\"line-height\":\"\"}'  style=\"font-weight:normal;margin-top:10px;margin-bottom:10px;\">\n<h2>O que n\u00f3s fazemos para ajudar<\/h2>\n<\/div><\/div><\/div><\/div><\/div><\/div><div class=\"g-cols wpb_row via_flex valign_top type_default stacking_default\"><div class=\"vc_col-sm-6 wpb_column vc_column_container\"><div class=\"vc_column-inner\"><div class=\"wpb_wrapper\"><div class=\"wpb_text_column\"><div class=\"wpb_wrapper\"><h3 style=\"text-align: center\">O projeto<\/h3>\n<p>O projeto de crian\u00e7as de rua \u201cN\u00f3s na vida \u2013 Wir im Leben\u201d teve origem em uma fazenda cultivada e administrada organicamente e est\u00e1 de p\u00e9 por conta pr\u00f3pria. O projeto dirige-se a crian\u00e7as de rua \u2013\u00a0 meninos e meninas \u2013 desde pequenas at\u00e9 os 17 anos.<\/p>\n<p>A fazenda oferece o financiamento, as necessidades de alimenta\u00e7\u00e3o e protege a liberdade de ir e vir das crian\u00e7as, assim como rela\u00e7\u00f5es respons\u00e1veis e l\u00fadicas com animais e plantas.<\/p>\n<\/div><\/div><div class=\"w-btn-wrapper align_center\"><a class=\"w-btn us-btn-style_4 us_custom_80a192e9 icon_atleft\" href=\"http:\/\/www.nosnavida.org\/uber-nos-na-vida\/das-projekt\/\"><i class=\"far fa-heart\"><\/i><span class=\"w-btn-label\">Mehr \u00fcber das Projekt erfahren!<\/span><\/a><\/div><\/div><\/div><\/div><div class=\"vc_col-sm-6 wpb_column vc_column_container\"><div class=\"vc_column-inner\"><div class=\"wpb_wrapper\"><div class=\"wpb_text_column\"><div class=\"wpb_wrapper\"><h3 style=\"text-align: center\">A fazenda<\/h3>\n<p>A fazenda tem uma \u00e1rea de cerca de 25 hectares. O po\u00e7o de 70 metros de profundidade fornece \u00e1gua pot\u00e1vel de qualidade e \u00e1gua para a irriga\u00e7\u00e3o de toda a fazenda. Na fazenda foram plantadas v\u00e1rias frutas, como por exemplo, banana, coqueiros e maracuj\u00e1. E os animais que nos ajudam com o trabalho vivem na fazenda \u201cN\u00f3s na vida\u201d.<\/p>\n<p>A fazenda se autofinancia no momento e ainda n\u00e3o produziu nenhum lucro digno de ser mencionado.<\/p>\n<\/div><\/div><div class=\"w-btn-wrapper align_center\"><a class=\"w-btn us-btn-style_4 us_custom_80a192e9 icon_atleft\" href=\"http:\/\/www.nosnavida.org\/uber-nos-na-vida\/die-farm\/\"><i class=\"fas fa-leaf\"><\/i><span class=\"w-btn-label\">Mehr \u00fcber die Farm erfahren!<\/span><\/a><\/div><\/div><\/div><\/div><\/div><div class=\"g-cols wpb_row via_flex valign_top type_default stacking_default\"><div class=\"vc_col-sm-12 wpb_column vc_column_container\"><div class=\"vc_column-inner\"><div class=\"wpb_wrapper\"><div class=\"wpb_text_column\"><div class=\"wpb_wrapper\"><\/div><\/div><\/div><\/div><\/div><\/div><\/div><\/div><\/div><\/div><\/div><\/section>\n","protected":false},"excerpt":{"rendered":"[rev_slider_vc alias=\"homenosnavida\"]As crian\u00e7as de rua do Brasil N\u00f3s na Vida ajuda crian\u00e7as e jovens Crian\u00e7as de rua existem em todos os continentes. Mundialmente, vivem, pelas ruas, de 100 a 200 milh\u00f5es de crian\u00e7as, das quais 10 milh\u00f5es vivem somente no Brasil, aproximadamente 253 (de 5 a 17 anos) vivem em Natal, no Nordeste do pa\u00eds....","protected":false},"author":1,"featured_media":0,"parent":0,"menu_order":2,"comment_status":"closed","ping_status":"open","template":"","meta":[],"yoast_head":"<!-- This site is optimized with the Yoast SEO plugin v18.9 - https:\/\/yoast.com\/wordpress\/plugins\/seo\/ -->\n<title>Sobre N\u00f3s na Vida - N\u00f3s na Vida<\/title>\n<meta name=\"robots\" content=\"index, follow, max-snippet:-1, max-image-preview:large, max-video-preview:-1\" \/>\n<link rel=\"canonical\" href=\"http:\/\/www.nosnavida.org\/pt-pt\/sobre-nos-na-vida\/\" \/>\n<meta property=\"og:locale\" content=\"pt_PT\" \/>\n<meta property=\"og:type\" content=\"article\" \/>\n<meta property=\"og:title\" content=\"Sobre N\u00f3s na Vida - N\u00f3s na Vida\" \/>\n<meta property=\"og:url\" content=\"http:\/\/www.nosnavida.org\/pt-pt\/sobre-nos-na-vida\/\" \/>\n<meta property=\"og:site_name\" content=\"N\u00f3s na Vida\" \/>\n<meta property=\"article:modified_time\" content=\"2019-12-31T10:52:31+00:00\" \/>\n<meta name=\"twitter:card\" content=\"summary\" \/>\n<meta name=\"twitter:label1\" content=\"Tempo estimado de leitura\" \/>\n\t<meta name=\"twitter:data1\" content=\"9 minutos\" \/>\n<script type=\"application\/ld+json\" class=\"yoast-schema-graph\">{\"@context\":\"https:\/\/schema.org\",\"@graph\":[{\"@type\":\"WebSite\",\"@id\":\"http:\/\/www.nosnavida.org\/#website\",\"url\":\"http:\/\/www.nosnavida.org\/\",\"name\":\"N\u00f3s na Vida\",\"description\":\"N\u00f3s na Vida - crian\u00e7as de rua projeto\",\"potentialAction\":[{\"@type\":\"SearchAction\",\"target\":{\"@type\":\"EntryPoint\",\"urlTemplate\":\"http:\/\/www.nosnavida.org\/?s={search_term_string}\"},\"query-input\":\"required name=search_term_string\"}],\"inLanguage\":\"pt-PT\"},{\"@type\":\"WebPage\",\"@id\":\"http:\/\/www.nosnavida.org\/pt-pt\/sobre-nos-na-vida\/#webpage\",\"url\":\"http:\/\/www.nosnavida.org\/pt-pt\/sobre-nos-na-vida\/\",\"name\":\"Sobre N\u00f3s na Vida - N\u00f3s na Vida\",\"isPartOf\":{\"@id\":\"http:\/\/www.nosnavida.org\/#website\"},\"datePublished\":\"2015-05-31T12:32:19+00:00\",\"dateModified\":\"2019-12-31T10:52:31+00:00\",\"breadcrumb\":{\"@id\":\"http:\/\/www.nosnavida.org\/pt-pt\/sobre-nos-na-vida\/#breadcrumb\"},\"inLanguage\":\"pt-PT\",\"potentialAction\":[{\"@type\":\"ReadAction\",\"target\":[\"http:\/\/www.nosnavida.org\/pt-pt\/sobre-nos-na-vida\/\"]}]},{\"@type\":\"BreadcrumbList\",\"@id\":\"http:\/\/www.nosnavida.org\/pt-pt\/sobre-nos-na-vida\/#breadcrumb\",\"itemListElement\":[{\"@type\":\"ListItem\",\"position\":1,\"name\":\"Home\",\"item\":\"http:\/\/www.nosnavida.org\/pt-pt\/\"},{\"@type\":\"ListItem\",\"position\":2,\"name\":\"Sobre N\u00f3s na Vida\"}]}]}<\/script>\n<!-- \/ Yoast SEO plugin. -->","yoast_head_json":{"title":"Sobre N\u00f3s na Vida - N\u00f3s na Vida","robots":{"index":"index","follow":"follow","max-snippet":"max-snippet:-1","max-image-preview":"max-image-preview:large","max-video-preview":"max-video-preview:-1"},"canonical":"http:\/\/www.nosnavida.org\/pt-pt\/sobre-nos-na-vida\/","og_locale":"pt_PT","og_type":"article","og_title":"Sobre N\u00f3s na Vida - N\u00f3s na Vida","og_url":"http:\/\/www.nosnavida.org\/pt-pt\/sobre-nos-na-vida\/","og_site_name":"N\u00f3s na Vida","article_modified_time":"2019-12-31T10:52:31+00:00","twitter_card":"summary","twitter_misc":{"Tempo estimado de leitura":"9 minutos"},"schema":{"@context":"https:\/\/schema.org","@graph":[{"@type":"WebSite","@id":"http:\/\/www.nosnavida.org\/#website","url":"http:\/\/www.nosnavida.org\/","name":"N\u00f3s na Vida","description":"N\u00f3s na Vida - crian\u00e7as de rua projeto","potentialAction":[{"@type":"SearchAction","target":{"@type":"EntryPoint","urlTemplate":"http:\/\/www.nosnavida.org\/?s={search_term_string}"},"query-input":"required name=search_term_string"}],"inLanguage":"pt-PT"},{"@type":"WebPage","@id":"http:\/\/www.nosnavida.org\/pt-pt\/sobre-nos-na-vida\/#webpage","url":"http:\/\/www.nosnavida.org\/pt-pt\/sobre-nos-na-vida\/","name":"Sobre N\u00f3s na Vida - N\u00f3s na Vida","isPartOf":{"@id":"http:\/\/www.nosnavida.org\/#website"},"datePublished":"2015-05-31T12:32:19+00:00","dateModified":"2019-12-31T10:52:31+00:00","breadcrumb":{"@id":"http:\/\/www.nosnavida.org\/pt-pt\/sobre-nos-na-vida\/#breadcrumb"},"inLanguage":"pt-PT","potentialAction":[{"@type":"ReadAction","target":["http:\/\/www.nosnavida.org\/pt-pt\/sobre-nos-na-vida\/"]}]},{"@type":"BreadcrumbList","@id":"http:\/\/www.nosnavida.org\/pt-pt\/sobre-nos-na-vida\/#breadcrumb","itemListElement":[{"@type":"ListItem","position":1,"name":"Home","item":"http:\/\/www.nosnavida.org\/pt-pt\/"},{"@type":"ListItem","position":2,"name":"Sobre N\u00f3s na Vida"}]}]}},"_links":{"self":[{"href":"http:\/\/www.nosnavida.org\/pt-pt\/wp-json\/wp\/v2\/pages\/269\/"}],"collection":[{"href":"http:\/\/www.nosnavida.org\/pt-pt\/wp-json\/wp\/v2\/pages\/"}],"about":[{"href":"http:\/\/www.nosnavida.org\/pt-pt\/wp-json\/wp\/v2\/types\/page\/"}],"author":[{"embeddable":true,"href":"http:\/\/www.nosnavida.org\/pt-pt\/wp-json\/wp\/v2\/users\/1\/"}],"replies":[{"embeddable":true,"href":"http:\/\/www.nosnavida.org\/pt-pt\/wp-json\/wp\/v2\/comments\/?post=269"}],"version-history":[{"count":20,"href":"http:\/\/www.nosnavida.org\/pt-pt\/wp-json\/wp\/v2\/pages\/269\/revisions\/"}],"predecessor-version":[{"id":1610,"href":"http:\/\/www.nosnavida.org\/pt-pt\/wp-json\/wp\/v2\/pages\/269\/revisions\/1610\/"}],"wp:attachment":[{"href":"http:\/\/www.nosnavida.org\/pt-pt\/wp-json\/wp\/v2\/media\/?parent=269"}],"curies":[{"name":"wp","href":"https:\/\/api.w.org\/{rel}","templated":true}]}}