{"id":263,"date":"2015-05-31T14:20:43","date_gmt":"2015-05-31T12:20:43","guid":{"rendered":"http:\/\/www.nosnavida.org\/?page_id=263"},"modified":"2021-10-18T16:59:57","modified_gmt":"2021-10-18T14:59:57","slug":"doacao","status":"publish","type":"page","link":"http:\/\/www.nosnavida.org\/pt-pt\/doacao\/","title":{"rendered":"Doa\u00e7\u00e3o"},"content":{"rendered":"<section class=\"l-section wpb_row height_large with_img\"><div class=\"l-section-img\" style=\"background-image: url(http:\/\/www.nosnavida.org\/wp-content\/uploads\/2015\/05\/nos-na-vida-kinder-auf-der-farm2.jpg);background-position: top left;background-repeat: no-repeat;\" data-img-width=\"1900\" data-img-height=\"500\"><\/div><div class=\"l-section-h i-cf\"><div class=\"g-cols vc_row via_flex valign_middle type_default stacking_default\"><div class=\"vc_col-sm-12 wpb_column vc_column_container\"><div class=\"vc_column-inner\"><div class=\"wpb_wrapper\"><div id=\"ultimate-heading-346969ea695192bb5\" class=\"uvc-heading ult-adjust-bottom-margin ultimate-heading-346969ea695192bb5 uvc-7991 \" data-hspacer=\"line_only\"  data-halign=\"center\" style=\"text-align:center\"><div class=\"uvc-main-heading ult-responsive\"  data-ultimate-target='.uvc-heading.ultimate-heading-346969ea695192bb5 h1'  data-responsive-json-new='{\"font-size\":\"\",\"line-height\":\"\"}' ><h1 style=\"font-weight:bold;color:#4dbfff;margin-top:10px;margin-bottom:5px;\">Doa\u00e7\u00f5es e aux\u00edlos<\/h1><\/div><div class=\"uvc-heading-spacer line_only\" style=\"margin-top:0px;margin-bottom:0px;height:1px;\"><span class=\"uvc-headings-line\" style=\"border-style:solid;border-bottom-width:1px;border-color:#0000ff;width:autopx;\"><\/span><\/div><div class=\"uvc-sub-heading ult-responsive\"  data-ultimate-target='.uvc-heading.ultimate-heading-346969ea695192bb5 .uvc-sub-heading '  data-responsive-json-new='{\"font-size\":\"\",\"line-height\":\"\"}'  style=\"font-weight:normal;margin-top:10px;margin-bottom:10px;\">\n<h2><strong>Ajude as\u00a0 c<\/strong><em><strong>rian\u00e7as de rua do Brasil!<\/strong><\/em><\/h2>\n<\/div><\/div><\/div><\/div><\/div><\/div><\/div><\/section><section class=\"l-section wpb_row height_medium\"><div class=\"l-section-h i-cf\"><div class=\"g-cols vc_row via_flex valign_top type_default stacking_default\"><div class=\"vc_col-sm-12 wpb_column vc_column_container\"><div class=\"vc_column-inner\"><div class=\"wpb_wrapper\"><div class=\"g-cols wpb_row via_flex valign_top type_default stacking_default\"><div class=\"vc_col-sm-6 wpb_column vc_column_container\"><div class=\"vc_column-inner\"><div class=\"wpb_wrapper\"><div class=\"wpb_text_column\"><div class=\"wpb_wrapper\"><p>Com uma doa\u00e7\u00e3o em dinheiro, voc\u00ea ajuda o N\u00f3s na Vida com um trabalho de utilidade p\u00fablica, contribui para um futuro melhor das crian\u00e7as de rua do Brasil e lhes proporciona mais possibilidades de desenvolvimento.<\/p>\n<p>Voc\u00ea pode doar, atrav\u00e9s do Paypal, qualquer quantia em dinheiro e, se desejar, poder\u00e1 receber, naturalmente, um comprovante de doa\u00e7\u00e3o para a sua declara\u00e7\u00e3o de imposto e renda.<\/p>\n<!-- Begin PayPal Donations by https:\/\/www.tipsandtricks-hq.com\/paypal-donations-widgets-plugin -->\n\n<form action=\"https:\/\/www.paypal.com\/cgi-bin\/webscr\" method=\"post\" target=\"_blank\">\n    <div class=\"paypal-donations\">\n        <input type=\"hidden\" name=\"cmd\" value=\"_donations\" \/>\n        <input type=\"hidden\" name=\"bn\" value=\"TipsandTricks_SP\" \/>\n        <input type=\"hidden\" name=\"business\" value=\"TYWP94UBQ8QYC\" \/>\n        <input type=\"hidden\" name=\"item_name\" value=\"Projekt Brasilien\" \/>\n        <input type=\"hidden\" name=\"rm\" value=\"0\" \/>\n        <input type=\"hidden\" name=\"currency_code\" value=\"EUR\" \/>\n        <input type=\"hidden\" name=\"lc\" value=\"\" \/>\n        <input type=\"image\" style=\"cursor: pointer;\" src=\"http:\/\/www.nosnavida.org\/wp-content\/uploads\/2017\/02\/paypaldonate.png\" name=\"submit\" alt=\"PayPal - The safer, easier way to pay online.\" \/>\n        <img alt=\"\" src=\"https:\/\/www.paypalobjects.com\/en_US\/i\/scr\/pixel.gif\" width=\"1\" height=\"1\" \/>\n    <\/div>\n<\/form>\n<!-- End PayPal Donations -->\n\n<\/div><\/div><\/div><\/div><\/div><div class=\"vc_col-sm-6 wpb_column vc_column_container\"><div class=\"vc_column-inner\"><div class=\"wpb_wrapper\"><div class=\"wpb_text_column\"><div class=\"wpb_wrapper\"><p>Voc\u00ea tamb\u00e9m pode fazer sua doa\u00e7\u00e3o diretamente na nossa conta da Caixa Econ\u00f4mica de Steinfurt (Alemanha):<\/p>\n<p>N\u00f3s na Vida &#8211; Hahne &#8211; Projekt Brasilien (Projeto Brasil)<br \/>\nIBAN: DE67 4035 1060 0073 5573 40<br \/>\nBIC: WELADED1STF<\/p>\n<p>Palavra-chave: Projekt Brasilien (Projeto Brasil)<\/p>\n<\/div><\/div><\/div><\/div><\/div><\/div><div class=\"g-cols wpb_row via_flex valign_top type_default stacking_default\"><div class=\"vc_col-sm-12 wpb_column vc_column_container\"><div class=\"vc_column-inner\"><div class=\"wpb_wrapper\"><div class=\"w-separator size_small\"><\/div><div class=\"wpb_text_column\"><div class=\"wpb_wrapper\"><h5 style=\"text-align: center;\"><em><span style=\"color: #4dbfff;\">N\u00f3s na Vida e as criancas de ruas do Brasil agradecem!<br \/>\n<\/span><\/em><\/h5>\n<\/div><\/div><div class=\"w-separator size_medium\"><\/div><\/div><\/div><\/div><\/div><div class=\"g-cols wpb_row via_flex valign_top type_default stacking_default\"><div class=\"vc_col-sm-12 wpb_column vc_column_container\"><div class=\"vc_column-inner\"><div class=\"wpb_wrapper\"><div id=\"ultimate-heading-778469ea6951954fe\" class=\"uvc-heading ult-adjust-bottom-margin ultimate-heading-778469ea6951954fe uvc-8682 \" data-hspacer=\"line_only\"  data-halign=\"center\" style=\"text-align:center\"><div class=\"uvc-main-heading ult-responsive\"  data-ultimate-target='.uvc-heading.ultimate-heading-778469ea6951954fe h1'  data-responsive-json-new='{\"font-size\":\"\",\"line-height\":\"\"}' ><h1 style=\"font-weight:bold;color:#4dbfff;margin-top:10px;margin-bottom:5px;\">Patrocinadores e Amigos<\/h1><\/div><div class=\"uvc-heading-spacer line_only\" style=\"margin-top:0px;margin-bottom:0px;height:1px;\"><span class=\"uvc-headings-line\" style=\"border-style:solid;border-bottom-width:1px;border-color:#0000ff;width:autopx;\"><\/span><\/div><div class=\"uvc-sub-heading ult-responsive\"  data-ultimate-target='.uvc-heading.ultimate-heading-778469ea6951954fe .uvc-sub-heading '  data-responsive-json-new='{\"font-size\":\"\",\"line-height\":\"\"}'  style=\"font-weight:normal;margin-top:10px;margin-bottom:10px;\">\n<h2>Agradecemos \u00e0queles que at\u00e9 agora fizeram as suas doa\u00e7\u00f5es!<\/h2>\n<\/div><\/div><div class=\"wpb_text_column\"><div class=\"wpb_wrapper\"><p><strong>Todos s\u00e3o bem-vindos \u2013 Todos podem participar! Agradecemos aos nossos apoiadores e doadores de todo cora\u00e7\u00e3o!<\/strong><\/p>\n<p>N\u00f3s, que apoiamos o projeto com ideiais, fotos, filmes, sugest\u00f5es, pedidos e doa\u00e7\u00f5es somos:<\/p>\n<blockquote>\n<p>Lovis, Hamburg; Marie-Christin, Ibbenb\u00fcren; Frank, Natal; Z\u00e9 Maria, Natal; Frederico, Natal; Elisabeth, Ibbenb\u00fcren; Jo, W\u00f6hrden; Ines, W\u00f6hrden; Sabine, L\u00f6rick; Brigitte, Berlin; Svenja, M\u00fcnster; Nadine, Ibbenb\u00fcren; Marcel, Sydney; Margarete, Sydney; Ren\u00e9, Minden; Maike, Emsdetten; Hendrik, Lille; Katrin, Saarbr\u00fccken; Virgilio Filho, Teresina; Frauke, Sch\u00f6ffengrund; Manuel, M\u00fcnster; Monika, Natal; Lieselotte, Kaarst; Sebastian, Ibbenb\u00fcren; Wagner, Natal; Birgit, Ochtrup; Alfred, Ochtrup; Anita, Ibbenb\u00fcren; Rosemarie, Ibbenb\u00fcren; Rosemarie, Hattingen; Klaus, Hattingen; Claudia, Hattingen; Maria, Duisburg; Wilhelm, Duisburg; Dennis, Ibbenb\u00fcren; Stefanie, Ibbenb\u00fcren; Christian, Ochtrup; Barbara, Ibbenb\u00fcren; Petra, Balingen; Inga, Ibbenb\u00fcren; Quadratologo, M\u00fcnster; Mute Film Production; Gabriele, Achern;<\/p>\n<\/blockquote>\n<\/div><\/div><div class=\"w-separator size_small\"><\/div><div class=\"wpb_text_column\"><div class=\"wpb_wrapper\"><h3>Status das doa\u00e7\u00f5es<\/h3>\n<\/div><\/div><div class=\"stats-block stats-left  \"><div class=\"aio-icon-left\"><div class=\"ult-just-icon-wrapper  \"><div class=\"align-icon\" style=\"text-align:center;\">\n<div class=\"aio-icon none \" data-animation=\"pulse\" data-animation-delay=\"03\" style=\"color:#4dbfff;font-size:45px;display:inline-block;\">\n\t<i class=\"Defaults-star-o\"><\/i>\n<\/div><\/div><\/div><\/div><div class=\"stats-desc\" id=\"counter-responsv-wrap-2408\"><div id=\"counter_142762561269ea695195a28\" data-id=\"counter_142762561269ea695195a28\"  data-ultimate-target='#counter-responsv-wrap-2408 .stats-number'  data-responsive-json-new='{\"font-size\":\"\",\"line-height\":\"\"}'  class=\"stats-number ult-responsive\" style=\"font-size:35px;  \" data-speed=\"5\" data-counter-value=\"82550.02\" data-separator=\".\" data-decimal=\",\">0<\/div><div class=\"counter_suffix mycust ult-responsive\"  data-ultimate-target='#counter-responsv-wrap-2408 .mycust'  data-responsive-json-new='{\"font-size\":\"\",\"line-height\":\"\"}'  style=\"font-size:35px; color:\">\u20ac<\/div><div id=\"counter-responsv-wrap-2408\"  data-ultimate-target='#counter-responsv-wrap-2408 .stats-text'  data-responsive-json-new='{\"font-size\":\"\",\"line-height\":\"\"}'  class=\"stats-text ult-responsive\" style=\"font-size:13px;  \">Status das doa\u00e7\u00f5es de 01\/10\/2021. O status das doa\u00e7\u00f5es \u00e9 atualizado todo dia primeiro de cada m\u00eas.<\/div><\/div><\/div><\/div><\/div><\/div><\/div><\/div><\/div><\/div><\/div><\/div><\/section>\n","protected":false},"excerpt":{"rendered":"Doa\u00e7\u00f5es e aux\u00edlos Ajude as\u00a0 crian\u00e7as de rua do Brasil! Com uma doa\u00e7\u00e3o em dinheiro, voc\u00ea ajuda o N\u00f3s na Vida com um trabalho de utilidade p\u00fablica, contribui para um futuro melhor das crian\u00e7as de rua do Brasil e lhes proporciona mais possibilidades de desenvolvimento. Voc\u00ea pode doar, atrav\u00e9s do Paypal, qualquer quantia em dinheiro...","protected":false},"author":1,"featured_media":0,"parent":0,"menu_order":3,"comment_status":"closed","ping_status":"closed","template":"","meta":[],"yoast_head":"<!-- This site is optimized with the Yoast SEO plugin v18.9 - https:\/\/yoast.com\/wordpress\/plugins\/seo\/ -->\n<title>Doa\u00e7\u00e3o - N\u00f3s na Vida<\/title>\n<meta name=\"robots\" content=\"index, follow, max-snippet:-1, max-image-preview:large, max-video-preview:-1\" \/>\n<link rel=\"canonical\" href=\"http:\/\/www.nosnavida.org\/pt-pt\/doacao\/\" \/>\n<meta property=\"og:locale\" content=\"pt_PT\" \/>\n<meta property=\"og:type\" content=\"article\" \/>\n<meta property=\"og:title\" content=\"Doa\u00e7\u00e3o - N\u00f3s na Vida\" \/>\n<meta property=\"og:url\" content=\"http:\/\/www.nosnavida.org\/pt-pt\/doacao\/\" \/>\n<meta property=\"og:site_name\" content=\"N\u00f3s na Vida\" \/>\n<meta property=\"article:modified_time\" content=\"2021-10-18T14:59:57+00:00\" \/>\n<meta name=\"twitter:card\" content=\"summary\" \/>\n<meta name=\"twitter:label1\" content=\"Tempo estimado de leitura\" \/>\n\t<meta name=\"twitter:data1\" content=\"3 minutos\" \/>\n<script type=\"application\/ld+json\" class=\"yoast-schema-graph\">{\"@context\":\"https:\/\/schema.org\",\"@graph\":[{\"@type\":\"WebSite\",\"@id\":\"http:\/\/www.nosnavida.org\/#website\",\"url\":\"http:\/\/www.nosnavida.org\/\",\"name\":\"N\u00f3s na Vida\",\"description\":\"N\u00f3s na Vida - crian\u00e7as de rua projeto\",\"potentialAction\":[{\"@type\":\"SearchAction\",\"target\":{\"@type\":\"EntryPoint\",\"urlTemplate\":\"http:\/\/www.nosnavida.org\/?s={search_term_string}\"},\"query-input\":\"required name=search_term_string\"}],\"inLanguage\":\"pt-PT\"},{\"@type\":\"WebPage\",\"@id\":\"http:\/\/www.nosnavida.org\/pt-pt\/doacao\/#webpage\",\"url\":\"http:\/\/www.nosnavida.org\/pt-pt\/doacao\/\",\"name\":\"Doa\u00e7\u00e3o - N\u00f3s na Vida\",\"isPartOf\":{\"@id\":\"http:\/\/www.nosnavida.org\/#website\"},\"datePublished\":\"2015-05-31T12:20:43+00:00\",\"dateModified\":\"2021-10-18T14:59:57+00:00\",\"breadcrumb\":{\"@id\":\"http:\/\/www.nosnavida.org\/pt-pt\/doacao\/#breadcrumb\"},\"inLanguage\":\"pt-PT\",\"potentialAction\":[{\"@type\":\"ReadAction\",\"target\":[\"http:\/\/www.nosnavida.org\/pt-pt\/doacao\/\"]}]},{\"@type\":\"BreadcrumbList\",\"@id\":\"http:\/\/www.nosnavida.org\/pt-pt\/doacao\/#breadcrumb\",\"itemListElement\":[{\"@type\":\"ListItem\",\"position\":1,\"name\":\"Home\",\"item\":\"http:\/\/www.nosnavida.org\/pt-pt\/\"},{\"@type\":\"ListItem\",\"position\":2,\"name\":\"Doa\u00e7\u00e3o\"}]}]}<\/script>\n<!-- \/ Yoast SEO plugin. -->","yoast_head_json":{"title":"Doa\u00e7\u00e3o - N\u00f3s na Vida","robots":{"index":"index","follow":"follow","max-snippet":"max-snippet:-1","max-image-preview":"max-image-preview:large","max-video-preview":"max-video-preview:-1"},"canonical":"http:\/\/www.nosnavida.org\/pt-pt\/doacao\/","og_locale":"pt_PT","og_type":"article","og_title":"Doa\u00e7\u00e3o - N\u00f3s na Vida","og_url":"http:\/\/www.nosnavida.org\/pt-pt\/doacao\/","og_site_name":"N\u00f3s na Vida","article_modified_time":"2021-10-18T14:59:57+00:00","twitter_card":"summary","twitter_misc":{"Tempo estimado de leitura":"3 minutos"},"schema":{"@context":"https:\/\/schema.org","@graph":[{"@type":"WebSite","@id":"http:\/\/www.nosnavida.org\/#website","url":"http:\/\/www.nosnavida.org\/","name":"N\u00f3s na Vida","description":"N\u00f3s na Vida - crian\u00e7as de rua projeto","potentialAction":[{"@type":"SearchAction","target":{"@type":"EntryPoint","urlTemplate":"http:\/\/www.nosnavida.org\/?s={search_term_string}"},"query-input":"required name=search_term_string"}],"inLanguage":"pt-PT"},{"@type":"WebPage","@id":"http:\/\/www.nosnavida.org\/pt-pt\/doacao\/#webpage","url":"http:\/\/www.nosnavida.org\/pt-pt\/doacao\/","name":"Doa\u00e7\u00e3o - N\u00f3s na Vida","isPartOf":{"@id":"http:\/\/www.nosnavida.org\/#website"},"datePublished":"2015-05-31T12:20:43+00:00","dateModified":"2021-10-18T14:59:57+00:00","breadcrumb":{"@id":"http:\/\/www.nosnavida.org\/pt-pt\/doacao\/#breadcrumb"},"inLanguage":"pt-PT","potentialAction":[{"@type":"ReadAction","target":["http:\/\/www.nosnavida.org\/pt-pt\/doacao\/"]}]},{"@type":"BreadcrumbList","@id":"http:\/\/www.nosnavida.org\/pt-pt\/doacao\/#breadcrumb","itemListElement":[{"@type":"ListItem","position":1,"name":"Home","item":"http:\/\/www.nosnavida.org\/pt-pt\/"},{"@type":"ListItem","position":2,"name":"Doa\u00e7\u00e3o"}]}]}},"_links":{"self":[{"href":"http:\/\/www.nosnavida.org\/pt-pt\/wp-json\/wp\/v2\/pages\/263\/"}],"collection":[{"href":"http:\/\/www.nosnavida.org\/pt-pt\/wp-json\/wp\/v2\/pages\/"}],"about":[{"href":"http:\/\/www.nosnavida.org\/pt-pt\/wp-json\/wp\/v2\/types\/page\/"}],"author":[{"embeddable":true,"href":"http:\/\/www.nosnavida.org\/pt-pt\/wp-json\/wp\/v2\/users\/1\/"}],"replies":[{"embeddable":true,"href":"http:\/\/www.nosnavida.org\/pt-pt\/wp-json\/wp\/v2\/comments\/?post=263"}],"version-history":[{"count":66,"href":"http:\/\/www.nosnavida.org\/pt-pt\/wp-json\/wp\/v2\/pages\/263\/revisions\/"}],"predecessor-version":[{"id":1737,"href":"http:\/\/www.nosnavida.org\/pt-pt\/wp-json\/wp\/v2\/pages\/263\/revisions\/1737\/"}],"wp:attachment":[{"href":"http:\/\/www.nosnavida.org\/pt-pt\/wp-json\/wp\/v2\/media\/?parent=263"}],"curies":[{"name":"wp","href":"https:\/\/api.w.org\/{rel}","templated":true}]}}