{"id":259,"date":"2015-05-31T14:09:48","date_gmt":"2015-05-31T12:09:48","guid":{"rendered":"http:\/\/www.nosnavida.org\/?page_id=259"},"modified":"2019-12-31T11:52:30","modified_gmt":"2019-12-31T10:52:30","slug":"elisabeth-hahne","status":"publish","type":"page","link":"http:\/\/www.nosnavida.org\/pt-pt\/sobre-nos-na-vida\/elisabeth-hahne\/","title":{"rendered":"Anna Elisabeth Hahne"},"content":{"rendered":"<section class=\"l-section wpb_row height_medium\"><div class=\"l-section-h i-cf\"><div class=\"g-cols vc_row via_flex valign_top type_default stacking_default\"><div class=\"vc_col-sm-12 wpb_column vc_column_container\"><div class=\"vc_column-inner\"><div class=\"wpb_wrapper\"><div class=\"g-cols wpb_row via_flex valign_top type_default stacking_default\"><div class=\"vc_col-sm-12 wpb_column vc_column_container\"><div class=\"vc_column-inner\"><div class=\"wpb_wrapper\"><div id=\"ultimate-heading-305869ea6bfe51c22\" class=\"uvc-heading ult-adjust-bottom-margin ultimate-heading-305869ea6bfe51c22 uvc-8531 \" data-hspacer=\"line_only\"  data-halign=\"center\" style=\"text-align:center\"><div class=\"uvc-main-heading ult-responsive\"  data-ultimate-target='.uvc-heading.ultimate-heading-305869ea6bfe51c22 h1'  data-responsive-json-new='{\"font-size\":\"\",\"line-height\":\"\"}' ><h1 style=\"font-weight:bold;color:#4dbfff;margin-top:10px;margin-bottom:5px;\">Anna Elisabeth Hahne<\/h1><\/div><div class=\"uvc-heading-spacer line_only\" style=\"margin-top:0px;margin-bottom:0px;height:1px;\"><span class=\"uvc-headings-line\" style=\"border-style:solid;border-bottom-width:1px;border-color:#0000ff;width:autopx;\"><\/span><\/div><div class=\"uvc-sub-heading ult-responsive\"  data-ultimate-target='.uvc-heading.ultimate-heading-305869ea6bfe51c22 .uvc-sub-heading '  data-responsive-json-new='{\"font-size\":\"\",\"line-height\":\"\"}'  style=\"font-weight:normal;margin-top:10px;margin-bottom:10px;\">\n<h2><strong>A iniciadora determinada, criativa e soci\u00e1vel do N\u00f3s na Vida<\/strong><\/h2>\n<\/div><\/div><\/div><\/div><\/div><\/div><div class=\"g-cols wpb_row via_flex valign_top type_default stacking_default\"><div class=\"vc_col-sm-4 wpb_column vc_column_container\"><div class=\"vc_column-inner\"><div class=\"wpb_wrapper\"><div class=\"w-image align_center\"><div class=\"w-image-h\"><img width=\"500\" height=\"375\" src=\"http:\/\/www.nosnavida.org\/wp-content\/uploads\/2015\/05\/anna-elisabeth-hahne1.jpg\" class=\"attachment-full size-full\" alt=\"\" loading=\"lazy\" srcset=\"http:\/\/www.nosnavida.org\/wp-content\/uploads\/2015\/05\/anna-elisabeth-hahne1.jpg 500w, http:\/\/www.nosnavida.org\/wp-content\/uploads\/2015\/05\/anna-elisabeth-hahne1-300x225.jpg 300w\" sizes=\"(max-width: 500px) 100vw, 500px\" \/><\/div><\/div><\/div><\/div><\/div><div class=\"vc_col-sm-8 wpb_column vc_column_container\"><div class=\"vc_column-inner\"><div class=\"wpb_wrapper\"><div class=\"wpb_text_column\"><div class=\"wpb_wrapper\"><blockquote>\n<p>Eu me chamo Elisabeth e descobri, ainda na minha inf\u00e2ncia atrav\u00e9s dos meus pais, que nem todas as pessoas do mundo estavam t\u00e3o bem quanto n\u00f3s. Meus pais cultivavam \u2013 j\u00e1 naquela \u00e9poca e ainda por um longo tempo \u2013 rela\u00e7\u00f5es de apadrinhamento para algumas crian\u00e7as da \u00c1frica. Atrav\u00e9s de cadernos, revistas, fotos que chegavam para n\u00f3s pelo correio, eu fiquei sabendo das condi\u00e7\u00f5es de vida, do sofrimento, da calamidade p\u00fablica, f\u00e9 e tamb\u00e9m da esperan\u00e7a dessas crian\u00e7as. J\u00e1 naquela \u00e9poca, eu fiquei t\u00e3o impressionada que eu propus a mim mesma o seguinte: \u201cQuando eu crescer, eu tamb\u00e9m quero fazer algo pelas crian\u00e7as que est\u00e3o sofrendo!&#8221;<\/p>\n<\/blockquote>\n<\/div><\/div><\/div><\/div><\/div><\/div><div class=\"g-cols wpb_row via_flex valign_top type_default stacking_default\"><div class=\"vc_col-sm-12 wpb_column vc_column_container\"><div class=\"vc_column-inner\"><div class=\"wpb_wrapper\"><div class=\"w-separator size_medium\"><\/div><\/div><\/div><\/div><\/div><div class=\"g-cols wpb_row via_flex valign_top type_default stacking_default\"><div class=\"vc_col-sm-8 wpb_column vc_column_container\"><div class=\"vc_column-inner\"><div class=\"wpb_wrapper\"><div id=\"ultimate-heading-678069ea6bfe549b4\" class=\"uvc-heading ult-adjust-bottom-margin ultimate-heading-678069ea6bfe549b4 uvc-5394 \" data-hspacer=\"line_only\"  data-halign=\"center\" style=\"text-align:center\"><div class=\"uvc-heading-spacer line_only\" style=\"margin-top:0px;margin-bottom:10px;height:1px;\"><span class=\"uvc-headings-line\" style=\"border-style:solid;border-bottom-width:1px;border-color:#0000ff;width:autopx;\"><\/span><\/div><div class=\"uvc-main-heading ult-responsive\"  data-ultimate-target='.uvc-heading.ultimate-heading-678069ea6bfe549b4 h2'  data-responsive-json-new='{\"font-size\":\"\",\"line-height\":\"\"}' ><h2 style=\"font-weight:bold;color:#4dbfff;margin-top:5px;margin-bottom:5px;\">Anna Elisabeth Hahne hoje<\/h2><\/div><\/div><div class=\"wpb_text_column\"><div class=\"wpb_wrapper\"><p>Hoje Elisabeth j\u00e1 viveu a primeira parte de sua vida, est\u00e1 mental e fisicamente em plena forma, tem bastante tempo dispon\u00edvel e pode se dedicar ao projeto de crian\u00e7as de rua \u201cN\u00f3s na Vida \u2013 Wir im Leben\u201c em Natal, Brasil.<\/p>\n<p>Elisabeth tem Bacharelado e Mestrado em Pedagogia Social e trabalhou, voluntariamente, muitos anos com crian\u00e7as, jovens e adultos em fam\u00edlias, creches, orfanatos, centros educacionais, associa\u00e7\u00f5es e comunidades. Ela\u00a0 acompanhou, por ordem do tribunal da comarca de Ibbenb\u00fcren, um dependente de \u00e1lcool durante 27 anos. Al\u00e9m disso, Elisabeth teve a chance de construir no local, durante um est\u00e1gio, a entidade volunt\u00e1ria de Cuidados e Assist\u00eancia pelo Servi\u00e7o Social de Mulheres Cat\u00f3licas. Elisabeth tamb\u00e9m trabalhou, por d\u00e9cadas, como oradora do Vicariato Episcopal Geral em M\u00fcnster, na forma\u00e7\u00e3o de adultos.<\/p>\n<p>Desde 2007, ela oferece uma assessoria aut\u00f4noma por telefone com o foco em casos de luto, casamento, fam\u00edlias, vida, educa\u00e7\u00e3o e casos de v\u00edcio.<\/p>\n<\/div><\/div><\/div><\/div><\/div><div class=\"vc_col-sm-4 wpb_column vc_column_container\"><div class=\"vc_column-inner\"><div class=\"wpb_wrapper\"><div id=\"ultimate-heading-624769ea6bfe54ee0\" class=\"uvc-heading ult-adjust-bottom-margin ultimate-heading-624769ea6bfe54ee0 uvc-3972 \" data-hspacer=\"line_only\"  data-halign=\"center\" style=\"text-align:center\"><div class=\"uvc-heading-spacer line_only\" style=\"margin-top:0px;margin-bottom:10px;height:1px;\"><span class=\"uvc-headings-line\" style=\"border-style:solid;border-bottom-width:1px;border-color:#0000ff;width:autopx;\"><\/span><\/div><div class=\"uvc-main-heading ult-responsive\"  data-ultimate-target='.uvc-heading.ultimate-heading-624769ea6bfe54ee0 h2'  data-responsive-json-new='{\"font-size\":\"\",\"line-height\":\"\"}' ><h2 style=\"font-weight:bold;color:#4dbfff;margin-top:5px;margin-bottom:5px;\">A autora de livros Anna Elisabeth Hahne<\/h2><\/div><\/div><div class=\"wpb_text_column\"><div class=\"wpb_wrapper\"><p>Anna Elisabeth Hahne, al\u00e9m de seu trabalho para a Organiza\u00e7\u00e3o N\u00f3s na Vida, \u00e9 autora de livros e poemas. Descubram a obra dela agora online!<\/p>\n<p style=\"text-align: center\">[vc_icon color=&#8221;custom&#8221; size=&#8221;sm&#8221; link=&#8221;&#8221; external=&#8221;0&#8243; icon_fontawesome=&#8221;fa fa-book&#8221; custom_color=&#8221;#4dbfff&#8221;]<\/p>\n<ul>\n<li><a href=\"http:\/\/www.autoren-tv.de\/vorschaltseiten\/fb12_hahne_intro.html\">Televis\u00e3o Alem\u00e3 de Literatura<\/a><\/li>\n<li><a href=\"http:\/\/www.wn.de\/Specials\/Westfaelische-Reihe\/Serviceseiten\/Der-Schrei-der-Nachtigall-von-Anna-Elisabeth-Hahne\" target=\"_blank\" rel=\"noopener noreferrer\">&#8220;O Grito do Rouxinol&#8221;<\/a><\/li>\n<li><a href=\"https:\/\/www.youtube.com\/channel\/UCJOEiOZclhV8RzlcZQwYxLQ\" target=\"_blank\" rel=\"noopener noreferrer\">Canalno Youtube de Anna Elisabeth Hahne<\/a><\/li>\n<\/ul>\n<\/div><\/div><\/div><\/div><\/div><\/div><div class=\"g-cols wpb_row via_flex valign_top type_default stacking_default\"><div class=\"vc_col-sm-12 wpb_column vc_column_container\"><div class=\"vc_column-inner\"><div class=\"wpb_wrapper\"><div class=\"w-separator size_medium\"><\/div><div id=\"ultimate-heading-53569ea6bfe55841\" class=\"uvc-heading ult-adjust-bottom-margin ultimate-heading-53569ea6bfe55841 uvc-4952 \" data-hspacer=\"line_only\"  data-halign=\"center\" style=\"text-align:center\"><div class=\"uvc-main-heading ult-responsive\"  data-ultimate-target='.uvc-heading.ultimate-heading-53569ea6bfe55841 h1'  data-responsive-json-new='{\"font-size\":\"\",\"line-height\":\"\"}' ><h1 style=\"font-weight:bold;color:#4dbfff;margin-top:10px;margin-bottom:5px;\">Adapta\u00e7\u00f5es cinematogr\u00e1ficas de poemas de Anna Elisabeth Hahne<\/h1><\/div><div class=\"uvc-heading-spacer line_only\" style=\"margin-top:0px;margin-bottom:0px;height:1px;\"><span class=\"uvc-headings-line\" style=\"border-style:solid;border-bottom-width:1px;border-color:#0000ff;width:autopx;\"><\/span><\/div><div class=\"uvc-sub-heading ult-responsive\"  data-ultimate-target='.uvc-heading.ultimate-heading-53569ea6bfe55841 .uvc-sub-heading '  data-responsive-json-new='{\"font-size\":\"\",\"line-height\":\"\"}'  style=\"font-weight:normal;margin-top:10px;margin-bottom:10px;\">\n<h2><strong>em coopera\u00e7\u00e3o com Marie-Christin Hahne<br \/>\n<\/strong><\/h2>\n<\/div><\/div><div class=\"wpb_text_column\"><div class=\"wpb_wrapper\"><p>Em coopera\u00e7\u00e3o com a Mute Filme Production, a empresa de produ\u00e7\u00e3o cinematogr\u00e1fica de sua filha Marie-Christin Hahne, originaram-se algumas filmagens de poemas da autoria de Anna Elisabeth Hahne. Assistam aos dois filmes \u201cEu em branco\u201d e \u201cVida\u201d. No canal de Anna Elisabeth Hahne, voc\u00eas encontram outros v\u00eddeos. Inscrevam-se no canal para ficarem sempre por dentro das novidades!<\/p>\n<\/div><\/div><div class=\"w-separator size_small\"><\/div><\/div><\/div><\/div><\/div><div class=\"g-cols wpb_row via_flex valign_top type_default stacking_default\"><div class=\"vc_col-sm-6 wpb_column vc_column_container\"><div class=\"vc_column-inner\"><div class=\"wpb_wrapper\"><div class=\"w-video us_custom_53c68a3f align_none ratio_16x9\" onclick=\"return {&quot;player_html&quot;:&quot;&lt;iframe title=\\&quot;Ich in wei\\u00df - Gedichtsverfilmung\\&quot; width=\\&quot;480\\&quot; height=\\&quot;360\\&quot; src=\\&quot;https:\\\/\\\/www.youtube.com\\\/embed\\\/LBoXtH1qMEQ?feature=oembed\\&quot; frameborder=\\&quot;0\\&quot; allow=\\&quot;accelerometer; autoplay; clipboard-write; encrypted-media; gyroscope; picture-in-picture\\&quot; allowfullscreen&gt;&lt;\\\/iframe&gt;&quot;}\"><div class=\"w-video-h\"><iframe title=\"Youtube video player\" src=\"\/\/www.youtube.com\/embed\/LBoXtH1qMEQ?origin=http:\/\/www.nosnavida.org&controls=1\" allowfullscreen=\"1\" loading=\"lazy\"><\/iframe><\/div><div class=\"w-video-icon\" style=\"font-size:1.5rem;background:rgba(0,0,0,0.5);color:#fff\"><\/div><\/div><\/div><\/div><\/div><div class=\"vc_col-sm-6 wpb_column vc_column_container\"><div class=\"vc_column-inner\"><div class=\"wpb_wrapper\"><div class=\"w-video us_custom_53c68a3f align_none ratio_16x9\" onclick=\"return {&quot;player_html&quot;:&quot;&lt;iframe title=\\&quot;Leben - Anna Elisabeth Hahne\\&quot; width=\\&quot;640\\&quot; height=\\&quot;360\\&quot; src=\\&quot;https:\\\/\\\/www.youtube.com\\\/embed\\\/QEI85cA6aYo?feature=oembed\\&quot; frameborder=\\&quot;0\\&quot; allow=\\&quot;accelerometer; autoplay; clipboard-write; encrypted-media; gyroscope; picture-in-picture\\&quot; allowfullscreen&gt;&lt;\\\/iframe&gt;&quot;}\"><div class=\"w-video-h\"><iframe title=\"Youtube video player\" src=\"\/\/www.youtube.com\/embed\/QEI85cA6aYo?origin=http:\/\/www.nosnavida.org&controls=1\" allowfullscreen=\"1\" loading=\"lazy\"><\/iframe><\/div><div class=\"w-video-icon\" style=\"font-size:1.5rem;background:rgba(0,0,0,0.5);color:#fff\"><\/div><\/div><\/div><\/div><\/div><\/div><\/div><\/div><\/div><\/div><\/div><\/section>\n","protected":false},"excerpt":{"rendered":"Anna Elisabeth Hahne A iniciadora determinada, criativa e soci\u00e1vel do N\u00f3s na Vida Eu me chamo Elisabeth e descobri, ainda na minha inf\u00e2ncia atrav\u00e9s dos meus pais, que nem todas as pessoas do mundo estavam t\u00e3o bem quanto n\u00f3s. Meus pais cultivavam \u2013 j\u00e1 naquela \u00e9poca e ainda por um longo tempo \u2013 rela\u00e7\u00f5es de...","protected":false},"author":1,"featured_media":0,"parent":269,"menu_order":5,"comment_status":"closed","ping_status":"closed","template":"","meta":[],"yoast_head":"<!-- This site is optimized with the Yoast SEO plugin v18.9 - https:\/\/yoast.com\/wordpress\/plugins\/seo\/ -->\n<title>Anna Elisabeth Hahne - N\u00f3s na Vida<\/title>\n<meta name=\"robots\" content=\"index, follow, max-snippet:-1, max-image-preview:large, max-video-preview:-1\" \/>\n<link rel=\"canonical\" href=\"http:\/\/www.nosnavida.org\/pt-pt\/sobre-nos-na-vida\/elisabeth-hahne\/\" \/>\n<meta property=\"og:locale\" content=\"pt_PT\" \/>\n<meta property=\"og:type\" content=\"article\" \/>\n<meta property=\"og:title\" content=\"Anna Elisabeth Hahne - N\u00f3s na Vida\" \/>\n<meta property=\"og:url\" content=\"http:\/\/www.nosnavida.org\/pt-pt\/sobre-nos-na-vida\/elisabeth-hahne\/\" \/>\n<meta property=\"og:site_name\" content=\"N\u00f3s na Vida\" \/>\n<meta property=\"article:modified_time\" content=\"2019-12-31T10:52:30+00:00\" \/>\n<meta name=\"twitter:card\" content=\"summary\" \/>\n<meta name=\"twitter:label1\" content=\"Tempo estimado de leitura\" \/>\n\t<meta name=\"twitter:data1\" content=\"10 minutos\" \/>\n<script type=\"application\/ld+json\" class=\"yoast-schema-graph\">{\"@context\":\"https:\/\/schema.org\",\"@graph\":[{\"@type\":\"WebSite\",\"@id\":\"http:\/\/www.nosnavida.org\/#website\",\"url\":\"http:\/\/www.nosnavida.org\/\",\"name\":\"N\u00f3s na Vida\",\"description\":\"N\u00f3s na Vida - crian\u00e7as de rua projeto\",\"potentialAction\":[{\"@type\":\"SearchAction\",\"target\":{\"@type\":\"EntryPoint\",\"urlTemplate\":\"http:\/\/www.nosnavida.org\/?s={search_term_string}\"},\"query-input\":\"required name=search_term_string\"}],\"inLanguage\":\"pt-PT\"},{\"@type\":\"WebPage\",\"@id\":\"http:\/\/www.nosnavida.org\/pt-pt\/sobre-nos-na-vida\/elisabeth-hahne\/#webpage\",\"url\":\"http:\/\/www.nosnavida.org\/pt-pt\/sobre-nos-na-vida\/elisabeth-hahne\/\",\"name\":\"Anna Elisabeth Hahne - N\u00f3s na Vida\",\"isPartOf\":{\"@id\":\"http:\/\/www.nosnavida.org\/#website\"},\"datePublished\":\"2015-05-31T12:09:48+00:00\",\"dateModified\":\"2019-12-31T10:52:30+00:00\",\"breadcrumb\":{\"@id\":\"http:\/\/www.nosnavida.org\/pt-pt\/sobre-nos-na-vida\/elisabeth-hahne\/#breadcrumb\"},\"inLanguage\":\"pt-PT\",\"potentialAction\":[{\"@type\":\"ReadAction\",\"target\":[\"http:\/\/www.nosnavida.org\/pt-pt\/sobre-nos-na-vida\/elisabeth-hahne\/\"]}]},{\"@type\":\"BreadcrumbList\",\"@id\":\"http:\/\/www.nosnavida.org\/pt-pt\/sobre-nos-na-vida\/elisabeth-hahne\/#breadcrumb\",\"itemListElement\":[{\"@type\":\"ListItem\",\"position\":1,\"name\":\"Home\",\"item\":\"http:\/\/www.nosnavida.org\/pt-pt\/\"},{\"@type\":\"ListItem\",\"position\":2,\"name\":\"Sobre N\u00f3s na Vida\",\"item\":\"http:\/\/www.nosnavida.org\/pt-pt\/sobre-nos-na-vida\/\"},{\"@type\":\"ListItem\",\"position\":3,\"name\":\"Anna Elisabeth Hahne\"}]}]}<\/script>\n<!-- \/ Yoast SEO plugin. -->","yoast_head_json":{"title":"Anna Elisabeth Hahne - N\u00f3s na Vida","robots":{"index":"index","follow":"follow","max-snippet":"max-snippet:-1","max-image-preview":"max-image-preview:large","max-video-preview":"max-video-preview:-1"},"canonical":"http:\/\/www.nosnavida.org\/pt-pt\/sobre-nos-na-vida\/elisabeth-hahne\/","og_locale":"pt_PT","og_type":"article","og_title":"Anna Elisabeth Hahne - N\u00f3s na Vida","og_url":"http:\/\/www.nosnavida.org\/pt-pt\/sobre-nos-na-vida\/elisabeth-hahne\/","og_site_name":"N\u00f3s na Vida","article_modified_time":"2019-12-31T10:52:30+00:00","twitter_card":"summary","twitter_misc":{"Tempo estimado de leitura":"10 minutos"},"schema":{"@context":"https:\/\/schema.org","@graph":[{"@type":"WebSite","@id":"http:\/\/www.nosnavida.org\/#website","url":"http:\/\/www.nosnavida.org\/","name":"N\u00f3s na Vida","description":"N\u00f3s na Vida - crian\u00e7as de rua projeto","potentialAction":[{"@type":"SearchAction","target":{"@type":"EntryPoint","urlTemplate":"http:\/\/www.nosnavida.org\/?s={search_term_string}"},"query-input":"required name=search_term_string"}],"inLanguage":"pt-PT"},{"@type":"WebPage","@id":"http:\/\/www.nosnavida.org\/pt-pt\/sobre-nos-na-vida\/elisabeth-hahne\/#webpage","url":"http:\/\/www.nosnavida.org\/pt-pt\/sobre-nos-na-vida\/elisabeth-hahne\/","name":"Anna Elisabeth Hahne - N\u00f3s na Vida","isPartOf":{"@id":"http:\/\/www.nosnavida.org\/#website"},"datePublished":"2015-05-31T12:09:48+00:00","dateModified":"2019-12-31T10:52:30+00:00","breadcrumb":{"@id":"http:\/\/www.nosnavida.org\/pt-pt\/sobre-nos-na-vida\/elisabeth-hahne\/#breadcrumb"},"inLanguage":"pt-PT","potentialAction":[{"@type":"ReadAction","target":["http:\/\/www.nosnavida.org\/pt-pt\/sobre-nos-na-vida\/elisabeth-hahne\/"]}]},{"@type":"BreadcrumbList","@id":"http:\/\/www.nosnavida.org\/pt-pt\/sobre-nos-na-vida\/elisabeth-hahne\/#breadcrumb","itemListElement":[{"@type":"ListItem","position":1,"name":"Home","item":"http:\/\/www.nosnavida.org\/pt-pt\/"},{"@type":"ListItem","position":2,"name":"Sobre N\u00f3s na Vida","item":"http:\/\/www.nosnavida.org\/pt-pt\/sobre-nos-na-vida\/"},{"@type":"ListItem","position":3,"name":"Anna Elisabeth Hahne"}]}]}},"_links":{"self":[{"href":"http:\/\/www.nosnavida.org\/pt-pt\/wp-json\/wp\/v2\/pages\/259\/"}],"collection":[{"href":"http:\/\/www.nosnavida.org\/pt-pt\/wp-json\/wp\/v2\/pages\/"}],"about":[{"href":"http:\/\/www.nosnavida.org\/pt-pt\/wp-json\/wp\/v2\/types\/page\/"}],"author":[{"embeddable":true,"href":"http:\/\/www.nosnavida.org\/pt-pt\/wp-json\/wp\/v2\/users\/1\/"}],"replies":[{"embeddable":true,"href":"http:\/\/www.nosnavida.org\/pt-pt\/wp-json\/wp\/v2\/comments\/?post=259"}],"version-history":[{"count":17,"href":"http:\/\/www.nosnavida.org\/pt-pt\/wp-json\/wp\/v2\/pages\/259\/revisions\/"}],"predecessor-version":[{"id":1609,"href":"http:\/\/www.nosnavida.org\/pt-pt\/wp-json\/wp\/v2\/pages\/259\/revisions\/1609\/"}],"up":[{"embeddable":true,"href":"http:\/\/www.nosnavida.org\/pt-pt\/wp-json\/wp\/v2\/pages\/269\/"}],"wp:attachment":[{"href":"http:\/\/www.nosnavida.org\/pt-pt\/wp-json\/wp\/v2\/media\/?parent=259"}],"curies":[{"name":"wp","href":"https:\/\/api.w.org\/{rel}","templated":true}]}}