{"id":251,"date":"2015-05-31T13:42:49","date_gmt":"2015-05-31T11:42:49","guid":{"rendered":"http:\/\/www.nosnavida.org\/?page_id=251"},"modified":"2021-10-18T16:57:39","modified_gmt":"2021-10-18T14:57:39","slug":"o-projeto","status":"publish","type":"page","link":"http:\/\/www.nosnavida.org\/pt-pt\/sobre-nos-na-vida\/o-projeto\/","title":{"rendered":"O Projeto"},"content":{"rendered":"<section class=\"l-section wpb_row height_medium\"><div class=\"l-section-h i-cf\"><div class=\"g-cols vc_row via_flex valign_top type_default stacking_default\"><div class=\"vc_col-sm-8 wpb_column vc_column_container\"><div class=\"vc_column-inner\"><div class=\"wpb_wrapper\"><div class=\"aio-icon-component    style_1\"><div id=\"Info-box-wrap-4064\" class=\"aio-icon-box default-icon\" style=\"\"  ><div class=\"aio-icon-default\"><div class=\"ult-just-icon-wrapper  \"><div class=\"align-icon\" style=\"text-align:center;\">\n<div class=\"aio-icon none \"  style=\"color:#4dbfff;font-size:32px;display:inline-block;\">\n\t<i class=\"Defaults-flag\"><\/i>\n<\/div><\/div><\/div><\/div><div class=\"aio-icon-header\" ><h3 class=\"aio-icon-title ult-responsive\"  data-ultimate-target='#Info-box-wrap-4064 .aio-icon-title'  data-responsive-json-new='{\"font-size\":\"\",\"line-height\":\"\"}'  style=\"\">Pre\u00e2mbulo<\/h3><\/div> <!-- header --><div class=\"aio-icon-description ult-responsive\"  data-ultimate-target='#Info-box-wrap-4064 .aio-icon-description'  data-responsive-json-new='{\"font-size\":\"\",\"line-height\":\"\"}'  style=\"\">\n<ul>\n<li><strong>Toda crian\u00e7a necessita de sua integridade f\u00edsica, ps\u00edquica e mental.<\/strong><\/li>\n<li><strong>Toda crian\u00e7a necessita de amor, aten\u00e7\u00e3o e respeito.<\/strong><\/li>\n<li><strong>Toda crian\u00e7a necessita de evolu\u00e7\u00e3o, educa\u00e7\u00e3o e instru\u00e7\u00e3o, desenvolvimento, privacidade, limites e possibilidades de mudan\u00e7a.<\/strong><\/li>\n<li><strong>Toda crian\u00e7a necessita de sua liberdade mental e sua express\u00e3o.<\/strong><\/li>\n<li><strong>Toda crian\u00e7a necessita de comunidade.<\/strong><\/li>\n<li><strong>Toda crian\u00e7a necessita de sua espiritualidade e f\u00e9.<\/strong><\/li>\n<\/ul>\n<\/div> <!-- description --><\/div> <!-- aio-icon-box --><\/div> <!-- aio-icon-component --><\/div><\/div><\/div><div class=\"vc_col-sm-4 wpb_column vc_column_container\"><div class=\"vc_column-inner\"><div class=\"wpb_wrapper\"><div class=\"w-image us_custom_972c33a7 align_center\"><a href=\"http:\/\/www.nosnavida.org\/wp-content\/uploads\/2015\/05\/nosnavida-strassenkinder2.jpg\" ref=\"magnificPopup\" aria-label=\"Liga\u00e7\u00e3o\" class=\"w-image-h\"><img width=\"500\" height=\"375\" src=\"http:\/\/www.nosnavida.org\/wp-content\/uploads\/2015\/05\/nosnavida-strassenkinder2.jpg\" class=\"attachment-full size-full\" alt=\"\" loading=\"lazy\" srcset=\"http:\/\/www.nosnavida.org\/wp-content\/uploads\/2015\/05\/nosnavida-strassenkinder2.jpg 500w, http:\/\/www.nosnavida.org\/wp-content\/uploads\/2015\/05\/nosnavida-strassenkinder2-300x225.jpg 300w\" sizes=\"(max-width: 500px) 100vw, 500px\" \/><\/a><\/div><\/div><\/div><\/div><\/div><\/div><\/section><!-- Row Backgrounds --><div class=\"upb_bg_img\" data-ultimate-bg=\"http:\/\/www.nosnavida.org\/wp-content\/uploads\/2015\/05\/nos-na-vida-logo-parallax2.jpg\" data-ultimate-bg-style=\"vcpb-fs-jquery\" data-bg-img-repeat=\"repeat\" data-bg-img-size=\"cover\" data-bg-img-position=\"\" data-parallx_sense=\"15\" data-bg-override=\"full\" data-bg_img_attach=\"scroll\" data-upb-overlay-color=\"\" data-upb-bg-animation=\"\" data-fadeout=\"\" data-fadeout-percentage=\"30\" data-parallax-content=\"parallax_content_value\" data-parallax-content-sense=\"30\" data-row-effect-mobile-disable=\"true\" data-img-parallax-mobile-disable=\"true\" data-rtl=\"false\"  data-custom-vc-row=\"\"  data-vc=\"6.9.0\"  data-is_old_vc=\"\"  data-theme-support=\"\"   data-overlay=\"false\" data-overlay-color=\"\" data-overlay-pattern=\"\" data-overlay-pattern-opacity=\"\" data-overlay-pattern-size=\"\"    ><\/div><section class=\"l-section wpb_row height_medium\"><div class=\"l-section-h i-cf\"><div class=\"g-cols vc_row via_flex valign_top type_default stacking_default\"><div class=\"vc_col-sm-12 wpb_column vc_column_container\"><div class=\"vc_column-inner\"><div class=\"wpb_wrapper\"><div class=\"g-cols wpb_row via_flex valign_top type_default stacking_default\"><div class=\"vc_col-sm-12 wpb_column vc_column_container\"><div class=\"vc_column-inner\"><div class=\"wpb_wrapper\"><div id=\"ultimate-heading-872569ea8273878e6\" class=\"uvc-heading ult-adjust-bottom-margin ultimate-heading-872569ea8273878e6 uvc-91 \" data-hspacer=\"line_only\"  data-halign=\"center\" style=\"text-align:center\"><div class=\"uvc-main-heading ult-responsive\"  data-ultimate-target='.uvc-heading.ultimate-heading-872569ea8273878e6 h1'  data-responsive-json-new='{\"font-size\":\"\",\"line-height\":\"\"}' ><h1 style=\"font-weight:bold;color:#4dbfff;margin-top:10px;margin-bottom:5px;\">O projeto N\u00f3s na Vida<\/h1><\/div><div class=\"uvc-heading-spacer line_only\" style=\"margin-top:0px;margin-bottom:0px;height:1px;\"><span class=\"uvc-headings-line\" style=\"border-style:solid;border-bottom-width:1px;border-color:#0000ff;width:autopx;\"><\/span><\/div><div class=\"uvc-sub-heading ult-responsive\"  data-ultimate-target='.uvc-heading.ultimate-heading-872569ea8273878e6 .uvc-sub-heading '  data-responsive-json-new='{\"font-size\":\"\",\"line-height\":\"\"}'  style=\"font-weight:normal;margin-top:10px;margin-bottom:10px;\">\n<h2><strong>N\u00f3s damos \u00e0s crian\u00e7as um lar novo e seguro<\/strong><\/h2>\n<\/div><\/div><div class=\"wpb_text_column\"><div class=\"wpb_wrapper\"><p>O projeto de crian\u00e7as de rua \u201cN\u00f3s na vida \u2013 Wir im Leben\u201d teve origem em uma fazenda cultivada e administrada organicamente e est\u00e1 de p\u00e9 por conta pr\u00f3pria. O projeto \u201cN\u00f3s na vida \u2013 Wir im Leben\u201d dirige-se a crian\u00e7as de rua (meninos e meninas) desde pequenas at\u00e9 os 17 anos.<\/p>\n<p>Crian\u00e7as que queiram morar ou viver na fazenda, tempor\u00e1ria ou permanentemente, em um meio fam\u00edliar, cheio de amor com acompanhantes competentes, s\u00e3o muito bem-vindas. As crian\u00e7as ter\u00e3o acompanhamento m\u00e9dico, psicol\u00f3gico e tamb\u00e9m pedag\u00f3gico e ser\u00e3o incentivadas e desafiadas em seu comportamento social. No sentido da\u00a0 \u201ccria\u00e7\u00e3o divina\u201d, n\u00f3s as acompaharemos e\u00a0 as proporcionaremos uma vida criativa, autoconfiante, independente, respons\u00e1vel e feliz.<\/p>\n<p>A fazenda oferece o financimento, as necessidades de alimenta\u00e7\u00e3o e apoia a liberdade de ir e vir das crian\u00e7as assim como uma rela\u00e7\u00e3o respons\u00e1vel e l\u00fadica com animais e plantas. Todos os produtos que sobrarem \u2013 como por exemplo\u00a0 frutas, legumes e verduras que n\u00e3o forem consumidos \u2013 ser\u00e3o colocados \u00e0 venda. Esse dinheiro servir\u00e1 para o financiamento do projeto. Isso significa, ent\u00e3o, que o projeto se autofinancia.<\/p>\n<p style=\"text-align: center;\"><strong>Todos os trabalhos da fazenda ser\u00e3o realizados por um competente fazendeiro e temporariamente por ajudantes do local! As crian\u00e7as N\u00c3O ser\u00e3o colocadas para trabalhar!<br \/>\n<\/strong><\/p>\n<\/div><\/div><div class=\"w-separator size_medium\"><\/div><\/div><\/div><\/div><\/div><div class=\"g-cols wpb_row via_flex valign_top type_default stacking_default\"><div class=\"vc_col-sm-12 wpb_column vc_column_container\"><div class=\"vc_column-inner\"><div class=\"wpb_wrapper\"><div id=\"ultimate-heading-126369ea82738876c\" class=\"uvc-heading ult-adjust-bottom-margin ultimate-heading-126369ea82738876c uvc-8492 \" data-hspacer=\"line_only\"  data-halign=\"center\" style=\"text-align:center\"><div class=\"uvc-main-heading ult-responsive\"  data-ultimate-target='.uvc-heading.ultimate-heading-126369ea82738876c h1'  data-responsive-json-new='{\"font-size\":\"\",\"line-height\":\"\"}' ><h1 style=\"font-weight:bold;color:#4dbfff;margin-top:10px;margin-bottom:5px;\">Situa\u00e7\u00e3o financeira<\/h1><\/div><div class=\"uvc-heading-spacer line_only\" style=\"margin-top:0px;margin-bottom:0px;height:1px;\"><span class=\"uvc-headings-line\" style=\"border-style:solid;border-bottom-width:1px;border-color:#0000ff;width:autopx;\"><\/span><\/div><div class=\"uvc-sub-heading ult-responsive\"  data-ultimate-target='.uvc-heading.ultimate-heading-126369ea82738876c .uvc-sub-heading '  data-responsive-json-new='{\"font-size\":\"\",\"line-height\":\"\"}'  style=\"font-weight:normal;margin-top:10px;margin-bottom:10px;\">\n<h2>Como N\u00f3s na Vida pode se tornar grande com a sua ajuda<\/h2>\n<\/div><\/div><\/div><\/div><\/div><\/div><div class=\"g-cols wpb_row via_flex valign_top type_default stacking_default\"><div class=\"vc_col-sm-6 wpb_column vc_column_container\"><div class=\"vc_column-inner\"><div class=\"wpb_wrapper\"><div class=\"wpb_text_column\"><div class=\"wpb_wrapper\"><p>De acordo com a situa\u00e7\u00e3o financeira, construirei um primeiro lar e me mudarei para l\u00e1 com as crian\u00e7as. Todos n\u00f3s levaremos uma vida familiar intacta. Todas as outras crian\u00e7as que chegarem depois mudar\u00e3o \u2013 de acordo com as condi\u00e7\u00f5es financeiras \u2013 em grupos de dez, para um outro lar com seus acompanhantes (homens e mulheres). Eu penso em proporcionar um lar amoroso para, no m\u00e1ximo, cem crian\u00e7as.<\/p>\n<h4>No entanto, necessito da sua ajuda financeira para come\u00e7ar o projeto:<\/h4>\n<ul>\n<li><strong>compra da fazenda: cerca de 160.000 euros;<\/strong><\/li>\n<li><strong>log\u00edstica, infraestrutura e constru\u00e7\u00e3o da primeira casa: 150.000 euros;<\/strong><\/li>\n<li><strong>al\u00e9m disso, temos que comprar m\u00e1quinas e pagar os sal\u00e1rios.<\/strong><\/li>\n<\/ul>\n<\/div><\/div><\/div><\/div><\/div><div class=\"vc_col-sm-6 wpb_column vc_column_container\"><div class=\"vc_column-inner\"><div class=\"wpb_wrapper\"><div class=\"wpb_text_column\"><div class=\"wpb_wrapper\"><p>Por minhas economias n\u00e3o serem suficientes, pe\u00e7o a colabora\u00e7\u00e3o de voc\u00eas. Ajudem as crian\u00e7as de rua a achar e a construir um novo caminho.<\/p>\n<p>Vamos nos dar de presente, atrav\u00e9s desse projeto, confian\u00e7a rec\u00edproca, ideias e sugest\u00f5es, para que n\u00f3s todos possamos dizer juntos com as crian\u00e7as: <strong>\u201eN\u00f3s na vida \u2013 Wir im Leben!\u201c<\/strong><\/p>\n<p>Se voc\u00ea quiser nos ajudar com doa<em>\u00e7\u00f5es, voc\u00ea pode nos enviar a sua diretamente atrav\u00e9s do PayPal. Basta clicar no bot\u00e3o \u201c<\/em><em>doa<\/em><em>\u00e7\u00f5es\u201d abaixo \u2013 voc\u00ea ser\u00e1 automaticamente redirecionado para a p\u00e1gina do PayPal da Alemanha<\/em>.<\/p>\n<!-- Begin PayPal Donations by https:\/\/www.tipsandtricks-hq.com\/paypal-donations-widgets-plugin -->\n\n<form action=\"https:\/\/www.paypal.com\/cgi-bin\/webscr\" method=\"post\" target=\"_blank\">\n    <div class=\"paypal-donations\">\n        <input type=\"hidden\" name=\"cmd\" value=\"_donations\" \/>\n        <input type=\"hidden\" name=\"bn\" value=\"TipsandTricks_SP\" \/>\n        <input type=\"hidden\" name=\"business\" value=\"TYWP94UBQ8QYC\" \/>\n        <input type=\"hidden\" name=\"item_name\" value=\"Projekt Brasilien\" \/>\n        <input type=\"hidden\" name=\"rm\" value=\"0\" \/>\n        <input type=\"hidden\" name=\"currency_code\" value=\"EUR\" \/>\n        <input type=\"hidden\" name=\"lc\" value=\"\" \/>\n        <input type=\"image\" style=\"cursor: pointer;\" src=\"http:\/\/www.nosnavida.org\/wp-content\/uploads\/2017\/02\/paypaldonate.png\" name=\"submit\" alt=\"PayPal - The safer, easier way to pay online.\" \/>\n        <img alt=\"\" src=\"https:\/\/www.paypalobjects.com\/en_US\/i\/scr\/pixel.gif\" width=\"1\" height=\"1\" \/>\n    <\/div>\n<\/form>\n<!-- End PayPal Donations -->\n\n<\/div><\/div><div class=\"w-separator size_medium\"><\/div><div class=\"stats-block stats-left  \"><div class=\"aio-icon-left\"><div class=\"ult-just-icon-wrapper  \"><div class=\"align-icon\" style=\"text-align:center;\">\n<div class=\"aio-icon none \" data-animation=\"pulse\" data-animation-delay=\"03\" style=\"color:#4dbfff;font-size:45px;display:inline-block;\">\n\t<i class=\"Defaults-star-o\"><\/i>\n<\/div><\/div><\/div><\/div><div class=\"stats-desc\" id=\"counter-responsv-wrap-1796\"><div id=\"counter_52836638969ea827389a2b\" data-id=\"counter_52836638969ea827389a2b\"  data-ultimate-target='#counter-responsv-wrap-1796 .stats-number'  data-responsive-json-new='{\"font-size\":\"\",\"line-height\":\"\"}'  class=\"stats-number ult-responsive\" style=\"font-size:35px;  \" data-speed=\"3\" data-counter-value=\"82550.02\" data-separator=\".\" data-decimal=\",\">0<\/div><div class=\"counter_suffix mycust ult-responsive\"  data-ultimate-target='#counter-responsv-wrap-1796 .mycust'  data-responsive-json-new='{\"font-size\":\"\",\"line-height\":\"\"}'  style=\"font-size:35px; color:\">\u20ac<\/div><div id=\"counter-responsv-wrap-1796\"  data-ultimate-target='#counter-responsv-wrap-1796 .stats-text'  data-responsive-json-new='{\"font-size\":\"\",\"line-height\":\"\"}'  class=\"stats-text ult-responsive\" style=\"font-size:13px;  \">Status das doa\u00e7\u00f5es de 01\/10\/2021. O status das doa\u00e7\u00f5es \u00e9 atualizado todo dia primeiro de cada m\u00eas.<\/div><\/div><\/div><\/div><\/div><\/div><\/div><\/div><\/div><\/div><\/div><\/div><\/section>\n","protected":false},"excerpt":{"rendered":"Pre\u00e2mbulo Toda crian\u00e7a necessita de sua integridade f\u00edsica, ps\u00edquica e mental. Toda crian\u00e7a necessita de amor, aten\u00e7\u00e3o e respeito. Toda crian\u00e7a necessita de evolu\u00e7\u00e3o, educa\u00e7\u00e3o e instru\u00e7\u00e3o, desenvolvimento, privacidade, limites e possibilidades de mudan\u00e7a. Toda crian\u00e7a necessita de sua liberdade mental e sua express\u00e3o. Toda crian\u00e7a necessita de comunidade. Toda crian\u00e7a necessita de sua espiritualidade...","protected":false},"author":1,"featured_media":0,"parent":269,"menu_order":1,"comment_status":"closed","ping_status":"closed","template":"","meta":[],"yoast_head":"<!-- This site is optimized with the Yoast SEO plugin v18.9 - https:\/\/yoast.com\/wordpress\/plugins\/seo\/ -->\n<title>O Projeto - N\u00f3s na Vida<\/title>\n<meta name=\"robots\" content=\"index, follow, max-snippet:-1, max-image-preview:large, max-video-preview:-1\" \/>\n<link rel=\"canonical\" href=\"http:\/\/www.nosnavida.org\/pt-pt\/sobre-nos-na-vida\/o-projeto\/\" \/>\n<meta property=\"og:locale\" content=\"pt_PT\" \/>\n<meta property=\"og:type\" content=\"article\" \/>\n<meta property=\"og:title\" content=\"O Projeto - N\u00f3s na Vida\" \/>\n<meta property=\"og:url\" content=\"http:\/\/www.nosnavida.org\/pt-pt\/sobre-nos-na-vida\/o-projeto\/\" \/>\n<meta property=\"og:site_name\" content=\"N\u00f3s na Vida\" \/>\n<meta property=\"article:modified_time\" content=\"2021-10-18T14:57:39+00:00\" \/>\n<meta name=\"twitter:card\" content=\"summary\" \/>\n<meta name=\"twitter:label1\" content=\"Tempo estimado de leitura\" \/>\n\t<meta name=\"twitter:data1\" content=\"4 minutos\" \/>\n<script type=\"application\/ld+json\" class=\"yoast-schema-graph\">{\"@context\":\"https:\/\/schema.org\",\"@graph\":[{\"@type\":\"WebSite\",\"@id\":\"http:\/\/www.nosnavida.org\/#website\",\"url\":\"http:\/\/www.nosnavida.org\/\",\"name\":\"N\u00f3s na Vida\",\"description\":\"N\u00f3s na Vida - crian\u00e7as de rua projeto\",\"potentialAction\":[{\"@type\":\"SearchAction\",\"target\":{\"@type\":\"EntryPoint\",\"urlTemplate\":\"http:\/\/www.nosnavida.org\/?s={search_term_string}\"},\"query-input\":\"required name=search_term_string\"}],\"inLanguage\":\"pt-PT\"},{\"@type\":\"WebPage\",\"@id\":\"http:\/\/www.nosnavida.org\/pt-pt\/sobre-nos-na-vida\/o-projeto\/#webpage\",\"url\":\"http:\/\/www.nosnavida.org\/pt-pt\/sobre-nos-na-vida\/o-projeto\/\",\"name\":\"O Projeto - N\u00f3s na Vida\",\"isPartOf\":{\"@id\":\"http:\/\/www.nosnavida.org\/#website\"},\"datePublished\":\"2015-05-31T11:42:49+00:00\",\"dateModified\":\"2021-10-18T14:57:39+00:00\",\"breadcrumb\":{\"@id\":\"http:\/\/www.nosnavida.org\/pt-pt\/sobre-nos-na-vida\/o-projeto\/#breadcrumb\"},\"inLanguage\":\"pt-PT\",\"potentialAction\":[{\"@type\":\"ReadAction\",\"target\":[\"http:\/\/www.nosnavida.org\/pt-pt\/sobre-nos-na-vida\/o-projeto\/\"]}]},{\"@type\":\"BreadcrumbList\",\"@id\":\"http:\/\/www.nosnavida.org\/pt-pt\/sobre-nos-na-vida\/o-projeto\/#breadcrumb\",\"itemListElement\":[{\"@type\":\"ListItem\",\"position\":1,\"name\":\"Home\",\"item\":\"http:\/\/www.nosnavida.org\/pt-pt\/\"},{\"@type\":\"ListItem\",\"position\":2,\"name\":\"Sobre N\u00f3s na Vida\",\"item\":\"http:\/\/www.nosnavida.org\/pt-pt\/sobre-nos-na-vida\/\"},{\"@type\":\"ListItem\",\"position\":3,\"name\":\"O Projeto\"}]}]}<\/script>\n<!-- \/ Yoast SEO plugin. -->","yoast_head_json":{"title":"O Projeto - N\u00f3s na Vida","robots":{"index":"index","follow":"follow","max-snippet":"max-snippet:-1","max-image-preview":"max-image-preview:large","max-video-preview":"max-video-preview:-1"},"canonical":"http:\/\/www.nosnavida.org\/pt-pt\/sobre-nos-na-vida\/o-projeto\/","og_locale":"pt_PT","og_type":"article","og_title":"O Projeto - N\u00f3s na Vida","og_url":"http:\/\/www.nosnavida.org\/pt-pt\/sobre-nos-na-vida\/o-projeto\/","og_site_name":"N\u00f3s na Vida","article_modified_time":"2021-10-18T14:57:39+00:00","twitter_card":"summary","twitter_misc":{"Tempo estimado de leitura":"4 minutos"},"schema":{"@context":"https:\/\/schema.org","@graph":[{"@type":"WebSite","@id":"http:\/\/www.nosnavida.org\/#website","url":"http:\/\/www.nosnavida.org\/","name":"N\u00f3s na Vida","description":"N\u00f3s na Vida - crian\u00e7as de rua projeto","potentialAction":[{"@type":"SearchAction","target":{"@type":"EntryPoint","urlTemplate":"http:\/\/www.nosnavida.org\/?s={search_term_string}"},"query-input":"required name=search_term_string"}],"inLanguage":"pt-PT"},{"@type":"WebPage","@id":"http:\/\/www.nosnavida.org\/pt-pt\/sobre-nos-na-vida\/o-projeto\/#webpage","url":"http:\/\/www.nosnavida.org\/pt-pt\/sobre-nos-na-vida\/o-projeto\/","name":"O Projeto - N\u00f3s na Vida","isPartOf":{"@id":"http:\/\/www.nosnavida.org\/#website"},"datePublished":"2015-05-31T11:42:49+00:00","dateModified":"2021-10-18T14:57:39+00:00","breadcrumb":{"@id":"http:\/\/www.nosnavida.org\/pt-pt\/sobre-nos-na-vida\/o-projeto\/#breadcrumb"},"inLanguage":"pt-PT","potentialAction":[{"@type":"ReadAction","target":["http:\/\/www.nosnavida.org\/pt-pt\/sobre-nos-na-vida\/o-projeto\/"]}]},{"@type":"BreadcrumbList","@id":"http:\/\/www.nosnavida.org\/pt-pt\/sobre-nos-na-vida\/o-projeto\/#breadcrumb","itemListElement":[{"@type":"ListItem","position":1,"name":"Home","item":"http:\/\/www.nosnavida.org\/pt-pt\/"},{"@type":"ListItem","position":2,"name":"Sobre N\u00f3s na Vida","item":"http:\/\/www.nosnavida.org\/pt-pt\/sobre-nos-na-vida\/"},{"@type":"ListItem","position":3,"name":"O Projeto"}]}]}},"_links":{"self":[{"href":"http:\/\/www.nosnavida.org\/pt-pt\/wp-json\/wp\/v2\/pages\/251\/"}],"collection":[{"href":"http:\/\/www.nosnavida.org\/pt-pt\/wp-json\/wp\/v2\/pages\/"}],"about":[{"href":"http:\/\/www.nosnavida.org\/pt-pt\/wp-json\/wp\/v2\/types\/page\/"}],"author":[{"embeddable":true,"href":"http:\/\/www.nosnavida.org\/pt-pt\/wp-json\/wp\/v2\/users\/1\/"}],"replies":[{"embeddable":true,"href":"http:\/\/www.nosnavida.org\/pt-pt\/wp-json\/wp\/v2\/comments\/?post=251"}],"version-history":[{"count":68,"href":"http:\/\/www.nosnavida.org\/pt-pt\/wp-json\/wp\/v2\/pages\/251\/revisions\/"}],"predecessor-version":[{"id":1736,"href":"http:\/\/www.nosnavida.org\/pt-pt\/wp-json\/wp\/v2\/pages\/251\/revisions\/1736\/"}],"up":[{"embeddable":true,"href":"http:\/\/www.nosnavida.org\/pt-pt\/wp-json\/wp\/v2\/pages\/269\/"}],"wp:attachment":[{"href":"http:\/\/www.nosnavida.org\/pt-pt\/wp-json\/wp\/v2\/media\/?parent=251"}],"curies":[{"name":"wp","href":"https:\/\/api.w.org\/{rel}","templated":true}]}}